{"id":29910,"date":"2023-03-27T14:36:18","date_gmt":"2023-03-27T12:36:18","guid":{"rendered":"https:\/\/oncloudnine.rent\/ruecksendung\/"},"modified":"2023-04-27T15:34:46","modified_gmt":"2023-04-27T13:34:46","slug":"ruecksendung","status":"publish","type":"page","link":"https:\/\/oncloudnine.rent\/de\/ruecksendung\/","title":{"rendered":"R\u00fccksendung"},"content":{"rendered":"<p>[et_pb_section fb_built=&#8221;1&#8243; _builder_version=&#8221;4.19.5&#8243; _module_preset=&#8221;default&#8221; background_color=&#8221;#000000&#8243; global_colors_info=&#8221;{}&#8221;][et_pb_row _builder_version=&#8221;4.19.5&#8243; _module_preset=&#8221;default&#8221; global_colors_info=&#8221;{}&#8221;][et_pb_column type=&#8221;4_4&#8243; _builder_version=&#8221;4.19.5&#8243; _module_preset=&#8221;default&#8221; global_colors_info=&#8221;{}&#8221;][et_pb_text _builder_version=&#8221;4.20.4&#8243; _module_preset=&#8221;default&#8221; text_text_color=&#8221;#FFFFFF&#8221; hover_enabled=&#8221;0&#8243; global_colors_info=&#8221;{}&#8221; header_font_size=&#8221;40px&#8221; sticky_enabled=&#8221;0&#8243;]<\/p>\n<h1 style=\"text-align: center;\">R\u00fccksendung der Tasche<\/h1>\n<p>[\/et_pb_text][\/et_pb_column][\/et_pb_row][\/et_pb_section][et_pb_section fb_built=&#8221;1&#8243; theme_builder_area=&#8221;post_content&#8221; _builder_version=&#8221;4.20.4&#8243; _module_preset=&#8221;default&#8221;][et_pb_row _builder_version=&#8221;4.20.4&#8243; _module_preset=&#8221;default&#8221; theme_builder_area=&#8221;post_content&#8221;][et_pb_column _builder_version=&#8221;4.20.4&#8243; _module_preset=&#8221;default&#8221; type=&#8221;4_4&#8243; theme_builder_area=&#8221;post_content&#8221;][et_pb_text _builder_version=&#8221;4.20.4&#8243; _module_preset=&#8221;default&#8221; theme_builder_area=&#8221;post_content&#8221; hover_enabled=&#8221;0&#8243; sticky_enabled=&#8221;0&#8243;]<\/p>\n<h1 style=\"text-align: center;\"><span style=\"text-decoration: underline;\">1. Bereite die R\u00fccksendung vor<\/span><\/h1>\n<p style=\"text-align: center;\">Jede Tasche muss f\u00fcr die R\u00fccksendung wieder in den Staubbeutel oder die Schachtel gelegt werden. Alles, was geliefert wurde, muss zur\u00fcckgeschickt werden. Du kannst den Karton wiederverwenden, in dem deine Miettasche geliefert wurde.<\/p>\n<p>[\/et_pb_text][\/et_pb_column][\/et_pb_row][et_pb_row _builder_version=&#8221;4.20.4&#8243; _module_preset=&#8221;default&#8221; column_structure=&#8221;1_2,1_2&#8243; theme_builder_area=&#8221;post_content&#8221;][et_pb_column _builder_version=&#8221;4.20.4&#8243; _module_preset=&#8221;default&#8221; type=&#8221;1_2&#8243; theme_builder_area=&#8221;post_content&#8221;][et_pb_text _builder_version=&#8221;4.20.4&#8243; _module_preset=&#8221;default&#8221; theme_builder_area=&#8221;post_content&#8221; hover_enabled=&#8221;0&#8243; sticky_enabled=&#8221;0&#8243;]<\/p>\n<h1 style=\"text-align: center;\"><span style=\"text-decoration: underline;\">2. Versand<\/span><\/h1>\n<p style=\"text-align: center;\">\n<p style=\"text-align: center;\">Du hast mit deiner Lieferung einen Retourenaufkleber erhalten, mit dem du deine Tasche zur\u00fcckschicken kannst. Gehe zu einer Postfiliale und gib deine R\u00fccksendung ab.<\/p>\n<p>[\/et_pb_text][\/et_pb_column][et_pb_column _builder_version=&#8221;4.20.4&#8243; _module_preset=&#8221;default&#8221; type=&#8221;1_2&#8243; theme_builder_area=&#8221;post_content&#8221;][et_pb_text _builder_version=&#8221;4.20.4&#8243; _module_preset=&#8221;default&#8221; theme_builder_area=&#8221;post_content&#8221; hover_enabled=&#8221;0&#8243; sticky_enabled=&#8221;0&#8243;]<\/p>\n<h1 style=\"text-align: center;\"><span style=\"text-decoration: underline;\">3. Best\u00e4tigung<\/span><\/h1>\n<p style=\"text-align: center;\">\n<p style=\"text-align: center;\">Sobald wir Ihre R\u00fccksendung erhalten haben und alles in Ordnung ist, senden wir Ihnen eine Best\u00e4tigungs-E-Mail.<\/p>\n<p>[\/et_pb_text][\/et_pb_column][\/et_pb_row][\/et_pb_section][et_pb_section fb_built=&#8221;1&#8243; fullwidth=&#8221;on&#8221; _builder_version=&#8221;4.20.4&#8243; _module_preset=&#8221;default&#8221; hover_enabled=&#8221;0&#8243; global_colors_info=&#8221;{}&#8221; background_color=&#8221;RGBA(255,255,255,0)&#8221; sticky_enabled=&#8221;0&#8243;][et_pb_fullwidth_image src=&#8221;https:\/\/oncloudnine.rent\/wp-content\/uploads\/2023\/03\/kristina-petrick-poL3YQTBPI-unsplash-scaled.jpg&#8221; _builder_version=&#8221;4.20.4&#8243; _module_preset=&#8221;default&#8221; hover_enabled=&#8221;0&#8243; global_colors_info=&#8221;{}&#8221; title_text=&#8221;kristina-petrick&#8211;poL3YQTBPI-unsplash&#8221; width=&#8221;86%&#8221; max_width=&#8221;73%&#8221; module_alignment=&#8221;center&#8221; height=&#8221;450px&#8221; sticky_enabled=&#8221;0&#8243;][\/et_pb_fullwidth_image][\/et_pb_section][et_pb_section fb_built=&#8221;1&#8243; theme_builder_area=&#8221;post_content&#8221; _builder_version=&#8221;4.20.4&#8243; _module_preset=&#8221;default&#8221;][et_pb_row _builder_version=&#8221;4.20.4&#8243; _module_preset=&#8221;default&#8221; theme_builder_area=&#8221;post_content&#8221;][et_pb_column _builder_version=&#8221;4.20.4&#8243; _module_preset=&#8221;default&#8221; type=&#8221;4_4&#8243; theme_builder_area=&#8221;post_content&#8221;][\/et_pb_column][\/et_pb_row][\/et_pb_section][et_pb_section fb_built=&#8221;1&#8243; _builder_version=&#8221;4.19.5&#8243; _module_preset=&#8221;default&#8221; global_colors_info=&#8221;{}&#8221;][et_pb_row _builder_version=&#8221;4.19.5&#8243; _module_preset=&#8221;default&#8221; global_colors_info=&#8221;{}&#8221;][et_pb_column type=&#8221;4_4&#8243; _builder_version=&#8221;4.19.5&#8243; _module_preset=&#8221;default&#8221; global_colors_info=&#8221;{}&#8221;][et_pb_accordion _builder_version=&#8221;4.19.5&#8243; _module_preset=&#8221;default&#8221; background_color=&#8221;#FFFFFF&#8221; global_colors_info=&#8221;{}&#8221;][et_pb_accordion_item title=&#8221;Was passiert wenn ich ein Artikel zu sp\u00e4t zur\u00fccksende?&#8221; open=&#8221;on&#8221; _builder_version=&#8221;4.19.5&#8243; _module_preset=&#8221;default&#8221; global_colors_info=&#8221;{}&#8221;]<\/p>\n<p>Bei versp\u00e4teter R\u00fcckgabe wird Ihnen ein Betrag von 30 CHF pro Tag in Rechnung gestellt, da die Person, die die Tasche nach Ihnen gemietet hat, diese m\u00f6glicherweise versp\u00e4tet erh\u00e4lt. Wenn die Tasche nicht innerhalb von 30 Tagen zur\u00fcckgegeben wird, gilt sie als nicht zur\u00fcckgegeben und wird zus\u00e4tzlich zu den Versp\u00e4tungsgeb\u00fchren in voller H\u00f6he mit Zinsen sowie allen f\u00e4lligen Geb\u00fchren belastet, was zu zus\u00e4tzlichen Rechtskosten f\u00fchren kann, f\u00fcr die das Mitglied haftbar gemacht werden kann.<\/p>\n<p>[\/et_pb_accordion_item][et_pb_accordion_item title=&#8221;Was passiert, wenn ich die Tasche besch\u00e4dige oder verliere?&#8221; _builder_version=&#8221;4.19.5&#8243; _module_preset=&#8221;default&#8221; global_colors_info=&#8221;{}&#8221; open=&#8221;off&#8221;]<\/p>\n<p>Ihr Mietvertrag deckt allgemeine Abnutzung und Verschlei\u00df ab. Nicht ersetzbare oder teure Sch\u00e4den sowie die Nichtr\u00fcckgabe der Tasche aufgrund von Verlust oder Diebstahl f\u00fchren dazu, dass Ihnen der Wert der Tasche zum Zeitpunkt der Anmietung in Rechnung gestellt wird.<\/p>\n<p>[\/et_pb_accordion_item][\/et_pb_accordion][\/et_pb_column][\/et_pb_row][et_pb_row _builder_version=&#8221;4.19.5&#8243; _module_preset=&#8221;default&#8221; global_colors_info=&#8221;{}&#8221;][et_pb_column type=&#8221;4_4&#8243; _builder_version=&#8221;4.19.5&#8243; _module_preset=&#8221;default&#8221; global_colors_info=&#8221;{}&#8221;][et_pb_button button_url=&#8221;https:\/\/oncloudnine.rent\/de\/faq\/&#8221; button_text=&#8221;F\u00fcr weitere FAQ&#8217;s&#8221; button_alignment=&#8221;center&#8221; _builder_version=&#8221;4.20.4&#8243; _module_preset=&#8221;default&#8221; custom_button=&#8221;on&#8221; button_text_color=&#8221;#8F8F8F&#8221; button_border_radius=&#8221;100px&#8221; button_icon=&#8221;&#x35;||divi||400&#8243; hover_enabled=&#8221;0&#8243; global_colors_info=&#8221;{}&#8221; sticky_enabled=&#8221;0&#8243;][\/et_pb_button][\/et_pb_column][\/et_pb_row][\/et_pb_section]<\/p>\n","protected":false},"excerpt":{"rendered":"<p>R\u00fccksendung der Tasche 1. Bereite die R\u00fccksendung vor&#8230;<\/p>\n","protected":false},"author":1,"featured_media":0,"parent":0,"menu_order":0,"comment_status":"closed","ping_status":"closed","template":"","meta":{"_et_pb_use_builder":"on","_et_pb_old_content":"","_et_gb_content_width":"","inline_featured_image":false,"footnotes":""},"class_list":["post-29910","page","type-page","status-publish","hentry"],"_links":{"self":[{"href":"https:\/\/oncloudnine.rent\/de\/wp-json\/wp\/v2\/pages\/29910","targetHints":{"allow":["GET"]}}],"collection":[{"href":"https:\/\/oncloudnine.rent\/de\/wp-json\/wp\/v2\/pages"}],"about":[{"href":"https:\/\/oncloudnine.rent\/de\/wp-json\/wp\/v2\/types\/page"}],"author":[{"embeddable":true,"href":"https:\/\/oncloudnine.rent\/de\/wp-json\/wp\/v2\/users\/1"}],"replies":[{"embeddable":true,"href":"https:\/\/oncloudnine.rent\/de\/wp-json\/wp\/v2\/comments?post=29910"}],"version-history":[{"count":6,"href":"https:\/\/oncloudnine.rent\/de\/wp-json\/wp\/v2\/pages\/29910\/revisions"}],"predecessor-version":[{"id":30103,"href":"https:\/\/oncloudnine.rent\/de\/wp-json\/wp\/v2\/pages\/29910\/revisions\/30103"}],"wp:attachment":[{"href":"https:\/\/oncloudnine.rent\/de\/wp-json\/wp\/v2\/media?parent=29910"}],"curies":[{"name":"wp","href":"https:\/\/api.w.org\/{rel}","templated":true}]}}