{"id":29913,"date":"2023-03-15T07:54:14","date_gmt":"2023-03-15T06:54:14","guid":{"rendered":"https:\/\/oncloudnine.rent\/datenschutzrichtlinie\/"},"modified":"2023-04-17T18:18:26","modified_gmt":"2023-04-17T16:18:26","slug":"datenschutzrichtlinie","status":"publish","type":"page","link":"https:\/\/oncloudnine.rent\/de\/datenschutzrichtlinie\/","title":{"rendered":"Datenschutzrichtlinie"},"content":{"rendered":"<p>[et_pb_section fb_built=&#8221;1&#8243; theme_builder_area=&#8221;post_content&#8221; _builder_version=&#8221;4.19.5&#8243; _module_preset=&#8221;default&#8221;][et_pb_row _builder_version=&#8221;4.19.5&#8243; _module_preset=&#8221;default&#8221; theme_builder_area=&#8221;post_content&#8221;][et_pb_column _builder_version=&#8221;4.19.5&#8243; _module_preset=&#8221;default&#8221; type=&#8221;4_4&#8243; theme_builder_area=&#8221;post_content&#8221;][et_pb_text _builder_version=&#8221;4.19.5&#8243; _module_preset=&#8221;default&#8221; theme_builder_area=&#8221;post_content&#8221; hover_enabled=&#8221;0&#8243; sticky_enabled=&#8221;0&#8243;]<\/p>\n<p>Die vorliegende Datenschutzrichtlinie (Datenschutzrichtlinie) gilt f\u00fcr die Bearbeitung personenbezogener Daten durch die On Cloud Nine SARL, Route de Chavannes 15a, 1007 Lausanne, Schweiz (wir, unser oder OCN), in Verbindung mit der Webseite, die unter https:\/\/oncloudnine.rent\/ abrufbar ist (die Webseite).<\/p>\n<p>Durch den Zugriff auf die Webseite erkl\u00e4rt sich jeder Nutzer (der Nutzer oder Sie) ausdr\u00fccklich damit einverstanden, dass wir seine personenbezogenen Daten in \u00dcbereinstimmung mit dieser Datenschutzrichtlinie bearbeiten.<\/p>\n<p>Wir behalten uns das Recht vor, die Datenschutzrichtlinie jederzeit und nach unserem alleinigen Ermessen zu \u00e4ndern, insbesondere im Hinblick auf ihre Anpassung an neue Gesch\u00e4ftspraktiken, Technologien oder Gesetzes\u00e4nderungen, wobei Sie in diesem Fall in geeigneter Weise, einschliesslich per E-Mail und\/oder \u00fcber die Webseite, dar\u00fcber in Kenntnis gesetzt werden. Wenn Sie mit den vorgenommenen \u00c4nderungen nicht einverstanden sind, d\u00fcrfen Sie nicht mehr auf die Webseite zugreifen und\/oder diese nutzen.<\/p>\n<ol>\n<li>Einleitung<\/li>\n<\/ol>\n<p>Wir anerkennen die Bedeutung Ihrer Privatsph\u00e4re und der Transparenz in Bezug auf unsere Bearbeitung Ihrer personenbezogenen Daten.<\/p>\n<p>In dieser Datenschutzrichtlinie wird erl\u00e4utert, (i) welche personenbezogenen Daten bei Ihrem Zugriff auf die Webseite und Ihrer Nutzung derselben erfasst werden, (ii) auf welche Art und Weise sowie f\u00fcr welche Zwecke wir personenbezogene Daten bearbeiten und (iii) welche Massnahmen wir ergreifen, um Ihre Rechte in Bezug auf Ihre personenbezogenen Daten zu gew\u00e4hrleisten.<\/p>\n<ol start=\"2\">\n<li>Wie wir Ihre personenbezogenen Daten erfassen<\/li>\n<\/ol>\n<p>Wir erfassen die personenbezogenen Daten, die Sie uns zur Verf\u00fcgung stellen.<\/p>\n<p>Wir erfassen die personenbezogenen Daten, die Sie uns zur Verf\u00fcgung stellen, wenn Sie die Webseite und\/oder die \u00fcber die Webseite angebotenen Dienstleistungen nutzen, z. B. wenn Sie eine Bestellung aufgeben oder mit uns kommunizieren. In diesem Zusammenhang bitten wir Sie, uns bestimmte personenbezogene Daten zur Verf\u00fcgung zu stellen, die f\u00fcr die ordnungsgem\u00e4sse Ausf\u00fchrung der von uns f\u00fcr Sie zu erbringenden Dienstleistung, wie z. B. die Bestellung eines Produkts, erforderlich sind.<\/p>\n<p>Einige Angaben sind obligatorisch, andere fakultativ.<\/p>\n<p>Das Ausf\u00fcllen der mit einem Stern gekennzeichneten Datenfelder ist obligatorisch. Wenn ein oder mehrere Pflichtfelder nicht beantwortet werden, k\u00f6nnen wir keinen Zugang zu den \u00fcber die Webseite angebotenen Dienstleistungen gew\u00e4hren.<\/p>\n<p>Eine Antwort auf die fakultativen Datenfelder ist f\u00fcr den Zugang zu den \u00fcber die Webseite angebotenen Dienstleistungen nicht erforderlich.<\/p>\n<p>Bestimmte personenbezogene Daten werden auch automatisch erfasst.<\/p>\n<p>Wir k\u00f6nnen personenbezogene Daten auch automatisch erfassen \u2013 einschliesslich mithilfe von Tools und anderen aktiven Elementen, z. B. in unseren E-Mails und\/oder den E-Mails unserer Auftragsbearbeiter, oder mithilfe von Cookies oder \u00e4hnlichen Technologien \u2013, wie z. B. IP-Adressen oder andere Benutzeridentifikationsdaten von Ihren elektronischen Ger\u00e4ten, die darin enthaltenen Daten, Ihre Pr\u00e4ferenzen, Ihren Browserverlauf oder die Links, auf die Sie klicken, wenn Sie auf der Webseite interagieren.<\/p>\n<p>Sie k\u00f6nnen bestimmte Berechtigungen und Einstellungen im Zusammenhang mit der automatisierten Erfassung Ihrer personenbezogenen Daten definieren.<\/p>\n<p>Sie k\u00f6nnen bestimmte Berechtigungen im Zusammenhang mit der Erfassung Ihrer pers\u00f6nlichen Daten, z. B. der in Ihrem elektronischen Ger\u00e4t enthaltenen Daten, definieren, indem Sie es entsprechend seinen Funktionalit\u00e4ten konfigurieren. Sie k\u00f6nnen auch bestimmte Einstellungen f\u00fcr die automatisierte Erfassung in Ihrem Internetbrowser konfigurieren. F\u00fcr n\u00e4here Informationen verweisen wir Sie auf das nachstehende Kapitel zu Cookies unter Punkt 8 dieser Datenschutzrichtlinie.<\/p>\n<ol start=\"3\">\n<li>Wie wir Ihre personenbezogenen Daten bearbeiten<\/li>\n<\/ol>\n<p>Wir k\u00f6nnen Ihre personenbezogenen Daten automatisiert bearbeiten, treffen daf\u00fcr aber angemessene Sicherheitsmassnahmen.<\/p>\n<p>Wir bearbeiten Ihre personenbezogenen Daten in \u00dcbereinstimmung mit dem anwendbaren Recht, insbesondere dem schweizerischen Datenschutzrecht, und treffen angemessene Sicherheitsmassnahmen, um den unbefugten Zugriff sowie die Verbreitung, Ver\u00e4nderung, Modifizierung oder Vernichtung Ihrer personenbezogenen Daten zu verhindern.<\/p>\n<p>Die Bearbeitung personenbezogener Daten erfolgt mit Hilfe von Computern oder Software-Tools in \u00dcbereinstimmung mit den in dieser Datenschutzrichtlinie angegebenen Zwecken.<\/p>\n<p>Wir k\u00f6nnen Ihre Daten bearbeiten, um Informationen zu l\u00f6schen, die Ihre Identifizierung erm\u00f6glichen (Anonymisierung), um diese anonymisierten Daten anschliessend f\u00fcr Zwecke zu verwenden, die nicht in dieser Datenschutzerkl\u00e4rung vorgesehen sind (einschliesslich f\u00fcr Vergleichsanalysen, f\u00fcr die Ausrichtung von Kampagnen oder f\u00fcr die Entwicklung und Vermarktung neuer Dienstleistungen). Sie k\u00f6nnen der Anonymisierung Ihrer Daten zu diesem Zweck jederzeit widersprechen.<\/p>\n<ol start=\"4\">\n<li>Zwecke, f\u00fcr die wir Ihre personenbezogenen Daten bearbeiten<\/li>\n<\/ol>\n<p>Wir bearbeiten Ihre Personendaten nur, wenn wir einen stichhaltigen Grund daf\u00fcr haben und zu klar festgelegten Zwecken.<\/p>\n<p>Wir werden Ihre personenbezogenen Daten nur dann bearbeiten, wenn wir einen stichhaltigen Rechtfertigungsgrund daf\u00fcr haben. Je nach Art der Bearbeitung werden wir Ihre personenbezogenen Daten daher nur dann bearbeiten, wenn:<\/p>\n<p>wir Ihre vorherige Zustimmung klar und eindeutig eingeholt haben;<\/p>\n<p>die Bearbeitung erforderlich ist, um unsere vertraglichen Verpflichtungen Ihnen gegen\u00fcber zu erf\u00fcllen oder um auf Ihren Wunsch vorvertragliche Massnahmen zu treffen;<\/p>\n<p>die Bearbeitung zur Erf\u00fcllung unserer gesetzlichen oder regulatorischen Pflichten erforderlich ist; oder<\/p>\n<p>die Bearbeitung zur Verwirklichung unserer berechtigten Interessen erforderlich ist, und zwar nur insoweit, als Ihre Interessen oder Grundfreiheiten und Grundrechte keinen Verzicht auf die Bearbeitung erfordern. Unsere \u00abberechtigten Interessen\u00bb k\u00f6nnen insbesondere darin bestehen, (i) Dienstleistungen zu einem konkurrenzf\u00e4higen Preis in Anspruch zu nehmen (beispielsweise k\u00f6nnen wir uns daf\u00fcr entscheiden, die Dienstleistungen von Anbietern zu nutzen, anstatt diese intern zu erbringen); (ii) die Sicherheit unserer Systeme, unserer Architektur und unserer EDV-Netzwerke zu sch\u00fctzen; und (iii) unsere Unternehmensziele zu erreichen.<\/p>\n<p>Wir bearbeiten Ihre Daten ausschliesslich aus folgenden Gr\u00fcnden:<\/p>\n<p>um die Webseite zu betreiben und Ihnen alle damit verbundenen Dienstleistungen anzubieten.<\/p>\n<p>Ihre personenbezogenen Daten werden zum Zweck des Betriebs der Webseite und\/oder der Bereitstellung der damit verbundenen Dienstleistungen oder f\u00fcr den zum Zeitpunkt der Erfassung angegebenen Zweck erfasst und bearbeitet, wie die Bereitstellung der auf der Webseite verf\u00fcgbaren Produkte, Waren und Dienstleistungen, sowie f\u00fcr Zwecke der Kunden- und Benutzerverwaltung, insbesondere um Sie bez\u00fcglich unserer Dienstleistungen und den daran vorgenommenen \u00c4nderungen zu kontaktieren.<\/p>\n<p>&#8211; Bestellung und Zahlung von Produkten<\/p>\n<p>Damit eine Bestellung ausgef\u00fchrt werden kann, m\u00fcssen Sie insbesondere Ihren Vor- und Nachnamen, Titel, Rechnungs- und Lieferadressen, Postleitzahl, Telefonnummer, E-Mail-Adresse, Zahlungsmethode und zugeh\u00f6rige Informationen angeben. Je nach der von Ihnen gew\u00e4hlten Zahlungsmethode kann auch eine Ausweiskopie erforderlich sein.<\/p>\n<p>Wir k\u00f6nnen im Einklang mit unserer Cookie-Nutzungsrichtlinie auch automatisch Daten im Zusammenhang mit Ihrer Nutzung der Webseite erfassen (siehe Punkt 8 unten).<\/p>\n<p>Wir verarbeiten diese Daten zum Zweck der Ausf\u00fchrung des Produktkaufvertrags oder, im Falle von nicht abgeschlossenen Bestellungen, im Hinblick auf dessen Ausf\u00fchrung.<\/p>\n<p>F\u00fcr die Bezahlung und den Versand von Bestellungen nutzen wir Dienstleistungen Dritter. Beispielsweise werden Sie je nach gew\u00e4hlter Zahlungsart an die Webseite des Online-Zahlungsanbieters weitergeleitet, der die Zahlung vornimmt. Wir geben an diese Dritten nur diejenigen Daten weiter, die f\u00fcr die von ihnen ausgef\u00fchrten Gesch\u00e4fte erforderlich sind.<\/p>\n<p>Die Daten \u00fcber get\u00e4tigte Bestellungen werden w\u00e4hrend 10 Jahren aufbewahrt. Daten in Bezug auf noch nicht abgeschlossene Bestellungen werden w\u00e4hrend drei Monaten aufbewahrt.<\/p>\n<p>&#8211; Kontakte und Korrespondenz<\/p>\n<p>Sie haben die M\u00f6glichkeit, uns \u00fcber die Webseite, per E-Mail, Telefon oder Post zu kontaktieren. In diesem Zusammenhang bearbeiten wir die Daten, die Sie uns zur Verf\u00fcgung stellen (insbesondere Name, Vorname, Art der Kontaktaufnahme, Gegenstand der Anfrage).<\/p>\n<p>Diese Daten werden verwendet, um f\u00fcr Sie die gew\u00fcnschte Dienstleistung zu erbringen. Die Aufbewahrungsdauer richtet sich nach dem Grund und dem Kontext Ihrer Anfrage. Anfragen im Zusammenhang mit Bestellungen werden f\u00fcr die diesbez\u00fcglich angegebene Dauer aufbewahrt. Die \u00fcbrigen Anfragen sind grunds\u00e4tzlich w\u00e4hrend drei Monaten aufzubewahren, es sei denn, es liege ein gesetzlicher Aufbewahrungsgrund vor um Ihnen unseren Newsletter zuzusenden.<\/p>\n<p>Wenn Sie unseren Newsletter abonnieren, erfassen wir Ihre Kontaktdaten (Name und E-Mail-Adresse). Wenn auf unseren Newsletter zugegriffen wird, erfassen wir auch Terminal- und Zugangsdaten.<\/p>\n<p>Sie k\u00f6nnen den Newsletter-Service jederzeit abbestellen. In diesem Fall werden Ihre Kontaktdaten gel\u00f6scht.<\/p>\n<p>Neben der Bearbeitung Ihrer Daten zur Abwicklung von Bestellungen k\u00f6nnen wir Ihre Daten \u00fcber die Nutzung unserer Dienstleistungen auch dazu verwenden, um mit Ihnen \u00fcber Ihre Bestellungen oder bestimmte Produkte zu kommunizieren, im Rahmen von Marketingmassnahmen und um Ihnen Produkte zu empfehlen, die f\u00fcr Sie von Interesse sein k\u00f6nnten.<\/p>\n<p>Sie k\u00f6nnen uns jederzeit kontaktieren, um der Nutzung Ihrer personenbezogenen Daten zu Werbezwecken ganz oder teilweise zu widersprechen. Sie k\u00f6nnen auch die Verwendung von Cookies einstellen, wie nachstehend unter Punkt 8 angegeben.<\/p>\n<p>Die Aufbewahrungsdauer dieser Daten h\u00e4ngt von der jeweiligen Datenart ab, darf jedoch 90 Tage nicht \u00fcberschreiten.<\/p>\n<p>Einige unserer Cookies werden von Dritten betrieben. Detaillierte Informationen dazu finden Sie nachtstehend unter Punkt 8.<\/p>\n<p>f\u00fcr interne Analysen und Statistiken sowie zur Verbesserung unserer Dienstleistungen.<\/p>\n<p>Wir k\u00f6nnen Ihre personenbezogenen Daten, insbesondere Ihre Nutzungsdaten der Webseite sowie Ihre Gewohnheiten und Pr\u00e4ferenzen, f\u00fcr interne Analyse- und Statistikzwecke verarbeiten, um die Bed\u00fcrfnisse unserer Nutzer besser zu verstehen und diesen Service sowie diese Erfahrung zu optimieren, um die Ergonomie und Funktionalit\u00e4ten der Webseite und die erbrachten Dienstleistungen generell zu verbessern.<\/p>\n<p>Dabei verwenden wir Analysetools, die von bekannten Marktteilnehmern bereitgestellt werden, insbesondere Google Analytics.<\/p>\n<p>Wir k\u00f6nnen Ihre personenbezogenen Daten auch bearbeiten, um unseren gesetzlichen Pflichten und anderen gesetzlichen Anforderungen nachzukommen.<\/p>\n<ol start=\"5\">\n<li>Die Umst\u00e4nde, unter denen wir Ihre personenbezogenen Daten an Dritte weitergeben<\/li>\n<\/ol>\n<p>Wir k\u00f6nnen Ihre personenbezogenen Daten an Dritte weitergeben, wenn dies f\u00fcr den Betrieb der Webseite oder zur Erf\u00fcllung einer gesetzlichen Verpflichtung erforderlich ist.<\/p>\n<p>Wir k\u00f6nnen Ihre personenbezogenen Daten beispielsweise an unsere Subunternehmer oder an unsere Lieferanten weitergeben, soweit dies erforderlich ist, um ihnen die Erbringung von Dienstleistungen im Zusammenhang mit der Webseite zu erm\u00f6glichen.<\/p>\n<p>Wir k\u00f6nnen Ihre personenbezogenen Daten im Rahmen des Betriebs der Webseite an Dritte sowie an Subunternehmer wie IT-Dienstleister, z. B. Anbieter von Speicher- (namentlich Alwaysdata), Wartungs- und Supportleistungen oder Anbieter von Marketing-Tools weitergeben. Detaillierte Informationen zu diesen Anbietern finden Sie im vorherigen Kapitel.<\/p>\n<p>Wir k\u00f6nnen Ihnen auch erlauben, Leistungen Dritter direkt von der Webseite aus zu nutzen, insbesondere mittels Social Plugins von Google LLC; Facebook Inc.; LinkedIn Corporation; Twitter; und Microsoft Corporation; in diesem Fall erkennen Sie an, dass die Drittanbieter dieser Dienste auf bestimmte Ihrer personenbezogenen Daten im Zusammenhang mit der Webseite zugreifen k\u00f6nnen.<\/p>\n<p>In solchen F\u00e4llen kann unsere Webseite Links zu anderen Webseiten enthalten. Die vorliegende Datenschutzrichtlinie bezieht sich nur auf unsere Handlungen und gilt insbesondere nicht f\u00fcr die Praktiken von Drittunternehmen oder f\u00fcr andere Webseiten, auf die auf der Webseite verwiesen wird. Sie m\u00fcssen die Datenschutzrichtlinien anderer Websites, die Sie von der Webseite aus besuchen, sorgf\u00e4ltig pr\u00fcfen, um mehr \u00fcber deren Praktiken bei der Verarbeitung personenbezogener Daten zu erfahren. In solchen F\u00e4llen richtet sich die Erfassung und Nutzung Ihrer personenbezogenen Daten nach den Datenschutzrichtlinien dieser anderen Webseiten. Wir sind nicht verantwortlich f\u00fcr deren Praktiken im Bereich des Schutzes der Privatsph\u00e4re.<\/p>\n<p>Wir k\u00f6nnen Ihre personenbezogenen Daten auch an Dritte weitergeben, wenn wir gesetzlich dazu verpflichtet sind oder ein berechtigtes Interesse daran haben.<\/p>\n<p>Wir k\u00f6nnen Ihre personenbezogenen Daten auch weitergeben, wenn wir ein berechtigtes Interesse daran haben, z. B. (i) um der Aufforderung einer Justizbeh\u00f6rde nachzukommen oder aufgrund einer gesetzlichen Verpflichtung; (ii) zur Verteidigung eines Rechtsanspruchs; oder (iii) im Rahmen einer Umstrukturierung, insbesondere, wenn wir unsere Aktiven auf eine andere Gesellschaft \u00fcbertragen.<\/p>\n<p>Schliesslich k\u00f6nnen wir bestimmte Informationen an vertrauensw\u00fcrdige Partner weitergeben, um Angebote zu erstellen, die sich auf die von Ihnen gekauften Produkte beziehen.<\/p>\n<p>Wir bei OCN sind bestrebt, Ihnen einen m\u00f6glichst umfassenden Service zu bieten. In diesem Rahmen k\u00f6nnen wir mit vertrauensw\u00fcrdigen Partnern in der Schweiz zusammenarbeiten, um Ihnen ein Versicherungsangebot f\u00fcr die von Ihnen bei uns erworbenen Produkte zu unterbreiten, denen wir die f\u00fcr die Erstellung des Angebots erforderlichen Daten mitteilen.<\/p>\n<p>Sie k\u00f6nnen der \u00dcbermittlung Ihrer Daten zu diesem Zweck jederzeit widersprechen, indem Sie uns kontaktieren (siehe unsere Kontaktdaten unter Punkt 10).<\/p>\n<ol start=\"6\">\n<li>Die Umst\u00e4nde, unter denen Ihre personenbezogenen Daten ins Ausland \u00fcbermittelt werden<\/li>\n<\/ol>\n<p>Ihre personenbezogenen Daten k\u00f6nnen in L\u00e4nder oder an Destinationen \u00fcbermittelt werden, die kein gleichwertiges Schutzniveau wie die Schweiz oder die Europ\u00e4ische Union gew\u00e4hrleisten.<\/p>\n<p>&nbsp;<\/p>\n<p>Wir hosten und speichern Ihre personenbezogenen Daten in der Schweiz und\/oder in der Europ\u00e4ischen Union auf den Servern eines unserer Subunternehmer.<\/p>\n<p>Ihre personenbezogenen Daten werden von uns grunds\u00e4tzlich nicht in andere Staaten \u00fcbermittelt oder anderen Staaten zug\u00e4nglich gemacht. Unter bestimmten Umst\u00e4nden, insbesondere aus technischen oder funktionalen Gr\u00fcnden oder im Rahmen unserer Beziehungen zu unseren Subunternehmern, kann es jedoch vorkommen, dass Ihre personenbezogenen Daten ausserhalb der Schweiz oder der Europ\u00e4ischen Union \u00fcbermittelt werden, einschliesslich in L\u00e4nder, die kein gleichwertiges Schutzniveau wie die Schweiz oder die Europ\u00e4ische Union gew\u00e4hrleisten. In diesem Fall werden wir mit allen zweckdienlichen Mitteln sicherstellen, dass die Verpflichtungen aus den anwendbaren Datenschutzbestimmungen eingehalten werden.<\/p>\n<p>Wenn Sie uns Informationen und Daten \u00fcbermitteln, stimmen Sie solchen \u00dcbermittlungen ausdr\u00fccklich zu.<\/p>\n<p>Sie k\u00f6nnen diesbez\u00fcglich weitere Informationen anfordern und auf Anfrage eine Kopie der einschl\u00e4gigen Garantien erhalten, indem Sie eine Anfrage an die in Abschnitt 11 genannte Kontaktperson richten.<\/p>\n<ol start=\"7\">\n<li>Speicherdauer<\/li>\n<\/ol>\n<p>Ihre Personendaten werden nicht l\u00e4nger als n\u00f6tig gespeichert.<\/p>\n<p>Wir l\u00f6schen oder anonymisieren personenbezogene Daten, sobald sie f\u00fcr die Erf\u00fcllung der unter Ziffer 4 dieser Datenschutzrichtlinie genannten Zwecke nicht mehr erforderlich sind. Diese Dauer h\u00e4ngt von der Art der betroffenen Daten und den anwendbaren gesetzlichen Anforderungen ab. Weitere Informationen zu den einzelnen Bearbeitungsarten finden Sie unter Punkt 4 oben.<\/p>\n<p>Aufgrund der uns obliegenden gesetzlichen Pflichten sind bestimmte Informationen, die insbesondere das Vertragsverh\u00e4ltnis betreffen, mindestens w\u00e4hrend 10 Jahren aufzubewahren.<\/p>\n<ol start=\"8\">\n<li>Wie verwenden wir Cookies oder andere analytische Tools<\/li>\n<\/ol>\n<p>Wir verwenden Cookies, andere analytische Tools und \u00e4hnliche Technologien im Zusammenhang mit der Webseite.<\/p>\n<p>Wir verwenden unterschiedliche Arten von Cookies, andere analytische Tools oder \u00e4hnliche Technologien (nachfolgend kollektiv Cookies), die m\u00f6glicherweise automatisiert Daten auf Ihrem elektronischen Ger\u00e4t bearbeiten und\/oder personenbezogene Daten \u00fcber Sie an OCN oder Dritte weitergeben.<\/p>\n<p>Diese Technologien werden in der Regel verwendet, um Ihre Interaktionen mit der Webseite zu \u00fcberwachen und zu analysieren und\/oder um es uns zu erm\u00f6glichen, die Webseite und ihre Funktionalit\u00e4ten entsprechend Ihren Interaktionen zu verbessern, insbesondere durch eine personalisierte Gestaltung der Webseite und der damit verbundenen Dienstleistungen.<\/p>\n<p>Wir k\u00f6nnen Cookies auch verwenden, um den Verkehr und die Nutzung der Webseite sowie deren Leistung zu messen und zu \u00fcberwachen.<\/p>\n<p>Sie k\u00f6nnen Cookies \u00fcber die Einstellungen Ihres Internetbrowsers und\/oder Ihres elektronischen Ger\u00e4ts verwalten.<\/p>\n<p>Wenn Sie nicht m\u00f6chten, dass Cookies auf Ihrem elektronischen Ger\u00e4t gespeichert werden, k\u00f6nnen Sie Ihren Internetbrowser oder Ihr elektronisches Ger\u00e4t so konfigurieren, dass diese abgelehnt und\/oder eingeschr\u00e4nkt werden. Sie k\u00f6nnen die Verwendung von Cookies auch auf der Seite der Cookie-Verwaltung der Webseite einstellen. Bestimmte Cookies sind jedoch f\u00fcr das Funktionieren der Webseite von wesentlicher Bedeutung und deren Nutzung k\u00f6nnte durch eine Ablehnung oder eine vollst\u00e4ndige Blockierung beeintr\u00e4chtigt werden.<\/p>\n<p>Wenn Sie Cookies nicht ablehnen oder einschr\u00e4nken, stimmen Sie der Verwendung und Bearbeitung Ihrer auf diesem Wege erfassten personenbezogenen Daten zu.<\/p>\n<ol start=\"9\">\n<li>Ihre Rechte in Bezug auf die Bearbeitung Ihrer personenbezogenen Daten<\/li>\n<\/ol>\n<p>Sie haben das Recht zu erfahren, welche Ihrer personenbezogenen Daten wir bearbeiten, und unter bestimmten Bedingungen deren L\u00f6schung, Korrektur oder Aktualisierung zu verlangen.<\/p>\n<p>&nbsp;<\/p>\n<p>Vorbeh\u00e4ltlich gegenteiliger gesetzlicher Pflichten sind Sie jederzeit berechtigt zu erfahren, ob wir Sie betreffende personenbezogene Daten bearbeiten. Sie k\u00f6nnen uns kontaktieren, um den Inhalt dieser personenbezogenen Daten zu erfragen, deren Richtigkeit zu pr\u00fcfen und, soweit gesetzlich zul\u00e4ssig, deren Erg\u00e4nzung, Aktualisierung, Berichtigung oder L\u00f6schung zu verlangen. Sie haben auch das Recht, von uns zu verlangen, dass wir jede spezifische Bearbeitung von personenbezogenen Daten, die unter Verstoss gegen geltendes Recht erlangt oder bearbeitet wurden, abtreten, und Sie sind berechtigt, gegen jegliche Bearbeitung von personenbezogenen Daten Einspruch zu erheben, sofern ein berechtigter Grund vorliegt.<\/p>\n<p>&nbsp;<\/p>\n<p>Wenn Sie m\u00f6chten, dass wir Ihre personenbezogenen Daten aus unseren Systemen l\u00f6schen, k\u00f6nnen Sie uns eine Anfrage an die nachstehenden Kontaktdaten senden, der wir stattgeben werden, es sei denn, wir m\u00fcssen Ihre Daten aus gesetzlichen oder anderen berechtigten Gr\u00fcnden aufbewahren.<\/p>\n<p>&nbsp;<\/p>\n<p>Wenn wir uns f\u00fcr die Bearbeitung Ihrer Personendaten auf Ihre Einwilligung st\u00fctzen, werden wir Ihre freie und spezifische Einwilligung einholen, indem wir Ihnen m\u00f6glichst genaue Informationen zukommen lassen. Sie k\u00f6nnen Ihre Einwilligung jederzeit widerrufen.<\/p>\n<p>&nbsp;<\/p>\n<p>Sie k\u00f6nnen auch das Recht haben, die \u00dcbertragbarkeit Ihrer personenbezogenen Daten zu verlangen, d. h., dass die personenbezogenen Daten, die Sie uns zur Verf\u00fcgung gestellt haben, in einem strukturierten, g\u00e4ngigen und maschinenlesbaren Format an Sie zur\u00fcckgegeben oder an die Person Ihrer Wahl \u00fcbermittelt werden, ohne dass wir Sie daran hindern, vorbeh\u00e4ltlich unserer Geheimhaltungspflichten und im Rahmen des anwendbaren Rechts. Genaue Angaben zu Ihren Rechten finden Sie in den Kapiteln 3 und 4 dieser Datenschutzrichtlinie im Zusammenhang mit jeder durchgef\u00fchrten Bearbeitungst\u00e4tigkeit.<\/p>\n<p>&nbsp;<\/p>\n<p>Sie haben das Recht, bei der zust\u00e4ndigen Beh\u00f6rde Beschwerde einzureichen.<\/p>\n<p>&nbsp;<\/p>\n<p>Wenn Sie mit der Art und Weise, wie wir Ihre personenbezogenen Daten bearbeiten, nicht zufrieden sind, k\u00f6nnen Sie zus\u00e4tzlich zu den oben beschriebenen Rechten eine Beschwerde an die zust\u00e4ndige Datenschutzaufsichtsbeh\u00f6rde richten.<\/p>\n<p>&nbsp;<\/p>\n<ol start=\"10\">\n<li>Kontakt<\/li>\n<\/ol>\n<p>Wenn Sie Fragen oder Anliegen im Zusammenhang mit der Erfassung oder Bearbeitung Ihrer personenbezogenen Daten haben, wenden Sie sich bitte an customercare@oncloudnine.ch.<\/p>\n<p>[\/et_pb_text][\/et_pb_column][\/et_pb_row][\/et_pb_section]<\/p>\n","protected":false},"excerpt":{"rendered":"<p>Die vorliegende Datenschutzrichtlinie&#8230;<\/p>\n","protected":false},"author":1,"featured_media":0,"parent":0,"menu_order":0,"comment_status":"closed","ping_status":"closed","template":"","meta":{"_et_pb_use_builder":"on","_et_pb_old_content":"","_et_gb_content_width":"","inline_featured_image":false,"footnotes":""},"class_list":["post-29913","page","type-page","status-publish","hentry"],"_links":{"self":[{"href":"https:\/\/oncloudnine.rent\/de\/wp-json\/wp\/v2\/pages\/29913","targetHints":{"allow":["GET"]}}],"collection":[{"href":"https:\/\/oncloudnine.rent\/de\/wp-json\/wp\/v2\/pages"}],"about":[{"href":"https:\/\/oncloudnine.rent\/de\/wp-json\/wp\/v2\/types\/page"}],"author":[{"embeddable":true,"href":"https:\/\/oncloudnine.rent\/de\/wp-json\/wp\/v2\/users\/1"}],"replies":[{"embeddable":true,"href":"https:\/\/oncloudnine.rent\/de\/wp-json\/wp\/v2\/comments?post=29913"}],"version-history":[{"count":4,"href":"https:\/\/oncloudnine.rent\/de\/wp-json\/wp\/v2\/pages\/29913\/revisions"}],"predecessor-version":[{"id":29940,"href":"https:\/\/oncloudnine.rent\/de\/wp-json\/wp\/v2\/pages\/29913\/revisions\/29940"}],"wp:attachment":[{"href":"https:\/\/oncloudnine.rent\/de\/wp-json\/wp\/v2\/media?parent=29913"}],"curies":[{"name":"wp","href":"https:\/\/api.w.org\/{rel}","templated":true}]}}