{"id":29818,"date":"2023-03-27T13:53:16","date_gmt":"2023-03-27T11:53:16","guid":{"rendered":"https:\/\/oncloudnine.rent\/comment-ca-marche\/"},"modified":"2023-04-25T10:49:36","modified_gmt":"2023-04-25T08:49:36","slug":"comment-ca-marche","status":"publish","type":"page","link":"https:\/\/oncloudnine.rent\/fr\/comment-ca-marche\/","title":{"rendered":"Comment \u00e7a marche"},"content":{"rendered":"<p>[et_pb_section fb_built=&#8221;1&#8243; fullwidth=&#8221;on&#8221; _builder_version=&#8221;4.19.5&#8243; _module_preset=&#8221;default&#8221; global_colors_info=&#8221;{}&#8221;][et_pb_fullwidth_header title=&#8221;Comment \u00e7a marche&#8221; text_orientation=&#8221;center&#8221; _builder_version=&#8221;4.20.4&#8243; _module_preset=&#8221;default&#8221; title_font_size=&#8221;40px&#8221; background_color=&#8221;#000000&#8243; global_colors_info=&#8221;{}&#8221;]<\/p>\n<h3>Louez votre sac pour garder votre garde-robe au go\u00fbt du jour.<\/h3>\n<p>[\/et_pb_fullwidth_header][\/et_pb_section][et_pb_section fb_built=&#8221;1&#8243; _builder_version=&#8221;4.19.5&#8243; _module_preset=&#8221;default&#8221; global_colors_info=&#8221;{}&#8221;][et_pb_row column_structure=&#8221;1_2,1_2&#8243; _builder_version=&#8221;4.19.5&#8243; _module_preset=&#8221;default&#8221; global_colors_info=&#8221;{}&#8221;][et_pb_column type=&#8221;1_2&#8243; _builder_version=&#8221;4.19.5&#8243; _module_preset=&#8221;default&#8221; global_colors_info=&#8221;{}&#8221;][et_pb_text _builder_version=&#8221;4.20.4&#8243; _module_preset=&#8221;default&#8221; global_colors_info=&#8221;{}&#8221;]<\/p>\n<h1 style=\"text-align: center;\"><span style=\"text-decoration: underline;\"><\/span><\/h1>\n<h1 style=\"text-align: center;\"><span style=\"text-decoration: underline;\"><\/span><\/h1>\n<h1 style=\"text-align: center;\"><span style=\"text-decoration: underline;\"><\/span><\/h1>\n<h1 style=\"text-align: center;\"><span style=\"text-decoration: underline;\"><\/span><\/h1>\n<h1 style=\"text-align: center;\"><span style=\"text-decoration: underline;\"><\/span><\/h1>\n<h1 style=\"text-align: center;\"><span style=\"text-decoration: underline;\"><\/span><\/h1>\n<h1 style=\"text-align: center;\"><span style=\"text-decoration: underline;\"><\/span><\/h1>\n<h1 style=\"text-align: center;\"><span style=\"text-decoration: underline;\">Choisissez<\/span><\/h1>\n<p style=\"text-align: center;\">\n<p style=\"text-align: center;\">\n<p style=\"text-align: center;\">Parcourez le site web et choisissez votre prochain sac et la dur\u00e9e de la location. Choisissez une date de livraison, au plus tard la veille \u00e0 14 heures, pour avoir votre sac \u00e0 temps.<\/p>\n<p>[\/et_pb_text][\/et_pb_column][et_pb_column type=&#8221;1_2&#8243; _builder_version=&#8221;4.19.5&#8243; _module_preset=&#8221;default&#8221; global_colors_info=&#8221;{}&#8221;][et_pb_image src=&#8221;https:\/\/oncloudnine.rent\/wp-content\/uploads\/2023\/04\/bag-gb5ed18637_1920.jpg&#8221; title_text=&#8221;bag-gb5ed18637_1920&#8243; _builder_version=&#8221;4.20.4&#8243; _module_preset=&#8221;default&#8221; global_colors_info=&#8221;{}&#8221;][\/et_pb_image][\/et_pb_column][\/et_pb_row][\/et_pb_section][et_pb_section fb_built=&#8221;1&#8243; _builder_version=&#8221;4.19.5&#8243; _module_preset=&#8221;default&#8221; global_colors_info=&#8221;{}&#8221;][et_pb_row column_structure=&#8221;1_2,1_2&#8243; _builder_version=&#8221;4.19.5&#8243; _module_preset=&#8221;default&#8221; global_colors_info=&#8221;{}&#8221;][et_pb_column type=&#8221;1_2&#8243; _builder_version=&#8221;4.19.5&#8243; _module_preset=&#8221;default&#8221; global_colors_info=&#8221;{}&#8221;][et_pb_image src=&#8221;https:\/\/oncloudnine.rent\/wp-content\/uploads\/2023\/04\/samrtphone-createaccount-913&#215;1024.jpg&#8221; title_text=&#8221;samrtphone-createaccount&#8221; _builder_version=&#8221;4.20.4&#8243; _module_preset=&#8221;default&#8221; global_colors_info=&#8221;{}&#8221;][\/et_pb_image][\/et_pb_column][et_pb_column type=&#8221;1_2&#8243; _builder_version=&#8221;4.19.5&#8243; _module_preset=&#8221;default&#8221; global_colors_info=&#8221;{}&#8221;][et_pb_text _builder_version=&#8221;4.20.4&#8243; _module_preset=&#8221;default&#8221; global_colors_info=&#8221;{}&#8221;]<\/p>\n<h1 style=\"text-align: center;\"><span style=\"text-decoration: underline;\"><\/span><\/h1>\n<h1 style=\"text-align: center;\"><span style=\"text-decoration: underline;\"><\/span><\/h1>\n<h1 style=\"text-align: center;\"><span style=\"text-decoration: underline;\"><\/span><\/h1>\n<h1 style=\"text-align: center;\"><span style=\"text-decoration: underline;\"><\/span><\/h1>\n<h1 style=\"text-align: center;\"><span style=\"text-decoration: underline;\"><\/span><\/h1>\n<h1 style=\"text-align: center;\"><span style=\"text-decoration: underline;\"><\/span><\/h1>\n<h1 style=\"text-align: center;\"><span style=\"text-decoration: underline;\"><\/span><\/h1>\n<h1 style=\"text-align: center;\"><span style=\"text-decoration: underline;\"><\/span><\/h1>\n<h1 style=\"text-align: center;\"><span style=\"text-decoration: underline;\"><\/span><\/h1>\n<h1 style=\"text-align: center;\"><span style=\"text-decoration: underline;\"><\/span><\/h1>\n<h1 style=\"text-align: center;\"><span style=\"text-decoration: underline;\"><\/span><\/h1>\n<h1 style=\"text-align: center;\"><span style=\"text-decoration: underline;\"><\/span><\/h1>\n<h1 style=\"text-align: center;\"><span style=\"text-decoration: underline;\"><\/span><\/h1>\n<h1 style=\"text-align: center;\"><span style=\"text-decoration: underline;\"><\/span><\/h1>\n<h1 style=\"text-align: center;\"><span style=\"text-decoration: underline;\"><\/span><\/h1>\n<h1 style=\"text-align: center;\"><span style=\"text-decoration: underline;\"><\/span><\/h1>\n<h1 style=\"text-align: center;\"><span style=\"text-decoration: underline;\"><\/span><\/h1>\n<h1 style=\"text-align: center;\"><span style=\"text-decoration: underline;\">S&#8217;inscrire<\/span><\/h1>\n<p style=\"text-align: center;\">\n<p style=\"text-align: center;\">\n<p style=\"text-align: center;\">\n<p style=\"text-align: center;\">Cr\u00e9ez votre compte ou connectez-vous \u00e0 votre compte pour finaliser votre location.<\/p>\n<p>[\/et_pb_text][\/et_pb_column][\/et_pb_row][\/et_pb_section][et_pb_section fb_built=&#8221;1&#8243; _builder_version=&#8221;4.19.5&#8243; _module_preset=&#8221;default&#8221; global_colors_info=&#8221;{}&#8221;][et_pb_row column_structure=&#8221;1_2,1_2&#8243; _builder_version=&#8221;4.19.5&#8243; _module_preset=&#8221;default&#8221; global_colors_info=&#8221;{}&#8221;][et_pb_column type=&#8221;1_2&#8243; _builder_version=&#8221;4.19.5&#8243; _module_preset=&#8221;default&#8221; global_colors_info=&#8221;{}&#8221;][et_pb_text _builder_version=&#8221;4.20.4&#8243; _module_preset=&#8221;default&#8221; global_colors_info=&#8221;{}&#8221;]<\/p>\n<h1 style=\"text-align: center;\"><span style=\"text-decoration: underline;\"><\/span><\/h1>\n<h1 style=\"text-align: center;\"><span style=\"text-decoration: underline;\"><\/span><\/h1>\n<h1 style=\"text-align: center;\"><span style=\"text-decoration: underline;\"><\/span><\/h1>\n<h1 style=\"text-align: center;\"><span style=\"text-decoration: underline;\"><\/span><\/h1>\n<h1 style=\"text-align: center;\"><span style=\"text-decoration: underline;\"><\/span><\/h1>\n<h1 style=\"text-align: center;\"><span style=\"text-decoration: underline;\"><\/span><\/h1>\n<h1 style=\"text-align: center;\"><span style=\"text-decoration: underline;\"><\/span><\/h1>\n<h1 style=\"text-align: center;\"><span style=\"text-decoration: underline;\"><\/span><\/h1>\n<h1 style=\"text-align: center;\"><span style=\"text-decoration: underline;\"><\/span><\/h1>\n<h1 style=\"text-align: center;\"><span style=\"text-decoration: underline;\"><\/span><\/h1>\n<h1 style=\"text-align: center;\"><span style=\"text-decoration: underline;\"><\/span><\/h1>\n<h1 style=\"text-align: center;\"><span style=\"text-decoration: underline;\"><\/span><\/h1>\n<h1 style=\"text-align: center;\"><span style=\"text-decoration: underline;\"><\/span><\/h1>\n<h1 style=\"text-align: center;\"><span style=\"text-decoration: underline;\"><\/span><\/h1>\n<h1 style=\"text-align: center;\"><span style=\"text-decoration: underline;\"><\/span><\/h1>\n<h1 style=\"text-align: center;\"><span style=\"text-decoration: underline;\">Livraison<\/span><\/h1>\n<p style=\"text-align: center;\">\n<p style=\"text-align: center;\">\n<p style=\"text-align: center;\">\n<p style=\"text-align: center;\">Une fois que votre sac est en route, vous recevrez un e-mail avec le lien de suivi. Assurez-vous d&#8217;\u00eatre \u00e0 la maison pour la livraison, car votre signature est n\u00e9cessaire !<\/p>\n<p>[\/et_pb_text][\/et_pb_column][et_pb_column type=&#8221;1_2&#8243; _builder_version=&#8221;4.19.5&#8243; _module_preset=&#8221;default&#8221; global_colors_info=&#8221;{}&#8221;][et_pb_image src=&#8221;https:\/\/oncloudnine.rent\/wp-content\/uploads\/2023\/04\/Poste-suisse-scaled.jpg&#8221; title_text=&#8221;Poste Suisse&#8221; _builder_version=&#8221;4.20.4&#8243; _module_preset=&#8221;default&#8221; global_colors_info=&#8221;{}&#8221;][\/et_pb_image][\/et_pb_column][\/et_pb_row][\/et_pb_section][et_pb_section fb_built=&#8221;1&#8243; _builder_version=&#8221;4.19.5&#8243; _module_preset=&#8221;default&#8221; global_colors_info=&#8221;{}&#8221;][et_pb_row column_structure=&#8221;1_2,1_2&#8243; _builder_version=&#8221;4.19.5&#8243; _module_preset=&#8221;default&#8221; global_colors_info=&#8221;{}&#8221;][et_pb_column type=&#8221;1_2&#8243; _builder_version=&#8221;4.19.5&#8243; _module_preset=&#8221;default&#8221; global_colors_info=&#8221;{}&#8221;][et_pb_image src=&#8221;https:\/\/oncloudnine.rent\/wp-content\/uploads\/2023\/04\/Return-box-1024&#215;707.jpg&#8221; title_text=&#8221;Return-box&#8221; _builder_version=&#8221;4.20.4&#8243; _module_preset=&#8221;default&#8221; global_colors_info=&#8221;{}&#8221;][\/et_pb_image][\/et_pb_column][et_pb_column type=&#8221;1_2&#8243; _builder_version=&#8221;4.19.5&#8243; _module_preset=&#8221;default&#8221; global_colors_info=&#8221;{}&#8221;][et_pb_text _builder_version=&#8221;4.20.4&#8243; _module_preset=&#8221;default&#8221; global_colors_info=&#8221;{}&#8221;]<\/p>\n<h1 style=\"text-align: center;\"><span style=\"text-decoration: underline;\"><\/span><\/h1>\n<h1 style=\"text-align: center;\"><span style=\"text-decoration: underline;\"><\/span><\/h1>\n<h1 style=\"text-align: center;\"><span style=\"text-decoration: underline;\"><\/span><\/h1>\n<h1 style=\"text-align: center;\"><span style=\"text-decoration: underline;\"><\/span><\/h1>\n<h1 style=\"text-align: center;\"><span style=\"text-decoration: underline;\"><\/span><\/h1>\n<h1 style=\"text-align: center;\"><span style=\"text-decoration: underline;\"><\/span><\/h1>\n<h1 style=\"text-align: center;\"><span style=\"text-decoration: underline;\"><\/span><\/h1>\n<h1 style=\"text-align: center;\"><span style=\"text-decoration: underline;\">Retour<\/span><\/h1>\n<p style=\"text-align: center;\">\n<p style=\"text-align: center;\">\n<p style=\"text-align: center;\">Une fois la location termin\u00e9e, remettez le sac dans la bo\u00eete avec tout ce qu&#8217;il contient et apportez-le \u00e0 un bureau de poste. L&#8217;\u00e9tiquette de retour est incluse.<\/p>\n<p>[\/et_pb_text][\/et_pb_column][\/et_pb_row][\/et_pb_section][et_pb_section fb_built=&#8221;1&#8243; _builder_version=&#8221;4.19.5&#8243; _module_preset=&#8221;default&#8221; global_colors_info=&#8221;{}&#8221;][et_pb_row _builder_version=&#8221;4.19.5&#8243; _module_preset=&#8221;default&#8221; global_colors_info=&#8221;{}&#8221;][et_pb_column type=&#8221;4_4&#8243; _builder_version=&#8221;4.19.5&#8243; _module_preset=&#8221;default&#8221; global_colors_info=&#8221;{}&#8221;][et_pb_text _builder_version=&#8221;4.20.4&#8243; _module_preset=&#8221;default&#8221; text_font_size=&#8221;38px&#8221; hover_enabled=&#8221;0&#8243; global_colors_info=&#8221;{}&#8221; sticky_enabled=&#8221;0&#8243;]<\/p>\n<h1 style=\"text-align: center;\"><span style=\"text-decoration: underline;\">R\u00e9p\u00e9ter<\/span><\/h1>\n<p style=\"text-align: center;\">\n<p style=\"text-align: center;\">\n<p style=\"text-align: center;\">Vous pouvez choisir votre prochaine location avant de rendre votre location actuelle, afin d&#8217;\u00eatre s\u00fbr d&#8217;avoir toujours votre prochain sac.<\/p>\n<p>[\/et_pb_text][\/et_pb_column][\/et_pb_row][et_pb_row _builder_version=&#8221;4.19.5&#8243; _module_preset=&#8221;default&#8221; global_colors_info=&#8221;{}&#8221;][et_pb_column type=&#8221;4_4&#8243; _builder_version=&#8221;4.19.5&#8243; _module_preset=&#8221;default&#8221; global_colors_info=&#8221;{}&#8221;][et_pb_button button_url=&#8221;https:\/\/oncloudnine.rent\/fr\/sacs\/&#8221; button_text=&#8221;Choisissez votre sac&#8221; button_alignment=&#8221;center&#8221; _builder_version=&#8221;4.20.4&#8243; _module_preset=&#8221;default&#8221; custom_button=&#8221;on&#8221; button_text_color=&#8221;#000000&#8243; button_border_radius=&#8221;100px&#8221; button_icon=&#8221;&#x35;||divi||400&#8243; global_colors_info=&#8221;{}&#8221;][\/et_pb_button][\/et_pb_column][\/et_pb_row][\/et_pb_section][et_pb_section fb_built=&#8221;1&#8243; _builder_version=&#8221;4.20.4&#8243; _module_preset=&#8221;default&#8221; global_colors_info=&#8221;{}&#8221;][\/et_pb_section]<\/p>\n","protected":false},"excerpt":{"rendered":"<p>Comment \u00e7a marche Louez votre sac pour garder votre&#8230;<\/p>\n","protected":false},"author":1,"featured_media":0,"parent":0,"menu_order":0,"comment_status":"closed","ping_status":"closed","template":"","meta":{"_et_pb_use_builder":"on","_et_pb_old_content":"","_et_gb_content_width":"","inline_featured_image":false,"footnotes":""},"class_list":["post-29818","page","type-page","status-publish","hentry"],"_links":{"self":[{"href":"https:\/\/oncloudnine.rent\/fr\/wp-json\/wp\/v2\/pages\/29818","targetHints":{"allow":["GET"]}}],"collection":[{"href":"https:\/\/oncloudnine.rent\/fr\/wp-json\/wp\/v2\/pages"}],"about":[{"href":"https:\/\/oncloudnine.rent\/fr\/wp-json\/wp\/v2\/types\/page"}],"author":[{"embeddable":true,"href":"https:\/\/oncloudnine.rent\/fr\/wp-json\/wp\/v2\/users\/1"}],"replies":[{"embeddable":true,"href":"https:\/\/oncloudnine.rent\/fr\/wp-json\/wp\/v2\/comments?post=29818"}],"version-history":[{"count":8,"href":"https:\/\/oncloudnine.rent\/fr\/wp-json\/wp\/v2\/pages\/29818\/revisions"}],"predecessor-version":[{"id":30060,"href":"https:\/\/oncloudnine.rent\/fr\/wp-json\/wp\/v2\/pages\/29818\/revisions\/30060"}],"wp:attachment":[{"href":"https:\/\/oncloudnine.rent\/fr\/wp-json\/wp\/v2\/media?parent=29818"}],"curies":[{"name":"wp","href":"https:\/\/api.w.org\/{rel}","templated":true}]}}