{"id":29895,"date":"2023-03-23T10:21:39","date_gmt":"2023-03-23T09:21:39","guid":{"rendered":"https:\/\/oncloudnine.rent\/faq\/"},"modified":"2023-04-27T14:58:11","modified_gmt":"2023-04-27T12:58:11","slug":"faq","status":"publish","type":"page","link":"https:\/\/oncloudnine.rent\/fr\/faq\/","title":{"rendered":"FAQ"},"content":{"rendered":"<p>[et_pb_section fb_built=&#8221;1&#8243; _builder_version=&#8221;4.19.5&#8243; _module_preset=&#8221;default&#8221; background_color=&#8221;#000000&#8243; global_colors_info=&#8221;{}&#8221;][et_pb_row _builder_version=&#8221;4.19.5&#8243; _module_preset=&#8221;default&#8221; global_colors_info=&#8221;{}&#8221;][et_pb_column type=&#8221;4_4&#8243; _builder_version=&#8221;4.19.5&#8243; _module_preset=&#8221;default&#8221; global_colors_info=&#8221;{}&#8221;][et_pb_text _builder_version=&#8221;4.20.4&#8243; _module_preset=&#8221;default&#8221; text_text_color=&#8221;#FFFFFF&#8221; header_text_color=&#8221;#FFFFFF&#8221; header_font_size=&#8221;50px&#8221; background_color=&#8221;#000000&#8243; global_colors_info=&#8221;{}&#8221;]<\/p>\n<h1 style=\"text-align: center;\">Questions fr\u00e9quentes<\/h1>\n<p>[\/et_pb_text][\/et_pb_column][\/et_pb_row][\/et_pb_section][et_pb_section fb_built=&#8221;1&#8243; specialty=&#8221;on&#8221; _builder_version=&#8221;4.19.5&#8243; _module_preset=&#8221;default&#8221; global_colors_info=&#8221;{}&#8221;][et_pb_column type=&#8221;1_2&#8243; specialty_columns=&#8221;2&#8243; _builder_version=&#8221;4.16&#8243; custom_padding=&#8221;|||&#8221; global_colors_info=&#8221;{}&#8221; custom_padding__hover=&#8221;|||&#8221;][et_pb_row_inner _builder_version=&#8221;4.19.5&#8243; _module_preset=&#8221;default&#8221; global_colors_info=&#8221;{}&#8221;][et_pb_column_inner saved_specialty_column_type=&#8221;1_2&#8243; _builder_version=&#8221;4.19.5&#8243; _module_preset=&#8221;default&#8221; global_colors_info=&#8221;{}&#8221;][et_pb_text _builder_version=&#8221;4.20.4&#8243; _module_preset=&#8221;default&#8221; header_font=&#8221;||||on||||&#8221; header_text_color=&#8221;#000000&#8243; global_colors_info=&#8221;{}&#8221;]<\/p>\n<h1 style=\"text-align: center;\"><span style=\"text-decoration: underline;\">G\u00e9n\u00e9ral<\/span><\/h1>\n<p>[\/et_pb_text][et_pb_accordion _builder_version=&#8221;4.19.5&#8243; _module_preset=&#8221;default&#8221; global_colors_info=&#8221;{}&#8221;][et_pb_accordion_item title=&#8221;Comment fonctionne OCN-rent ?&#8221; open=&#8221;on&#8221; _builder_version=&#8221;4.19.5&#8243; _module_preset=&#8221;default&#8221; global_colors_info=&#8221;{}&#8221;]<\/p>\n<p>Choisissez le sac que vous voulez et pour la dur\u00e9e que vous voulez. Mettez-le dans votre panier. Lorsque vous passez \u00e0 la caisse, cr\u00e9ez un compte ou connectez-vous. Payez et voil\u00e0 ! Votre sac est en route pour vous. La livraison et le retour sont inclus.<\/p>\n<p>[\/et_pb_accordion_item][et_pb_accordion_item title=&#8221;Les sacs \u00e0 main sont-ils des originaux ?&#8221; _builder_version=&#8221;4.19.5&#8243; _module_preset=&#8221;default&#8221; global_colors_info=&#8221;{}&#8221; open=&#8221;off&#8221;]<\/p>\n<p>Seuls des sacs authentiques sont propos\u00e9s sur notre site.<\/p>\n<p>[\/et_pb_accordion_item][et_pb_accordion_item title=&#8221;Puis-je acheter le sac?&#8221; _builder_version=&#8221;4.19.5&#8243; _module_preset=&#8221;default&#8221; global_colors_info=&#8221;{}&#8221; open=&#8221;off&#8221;]<\/p>\n<p>Pour l&#8217;instant, il n&#8217;est pas possible d&#8217;acheter les sacs.<\/p>\n<p>[\/et_pb_accordion_item][et_pb_accordion_item title=&#8221;Combien de temps puis-je louer le sac ?&#8221; _builder_version=&#8221;4.19.5&#8243; _module_preset=&#8221;default&#8221; global_colors_info=&#8221;{}&#8221; open=&#8221;off&#8221;]<\/p>\n<p>Vous pouvez choisir le longueur de votre location, mais ce dernier doit \u00eatre de minimum 5 jours.<\/p>\n<p>[\/et_pb_accordion_item][et_pb_accordion_item title=&#8221;Quels sont les modes de paiement disponibles ?&#8221; _builder_version=&#8221;4.19.5&#8243; _module_preset=&#8221;default&#8221; global_colors_info=&#8221;{}&#8221; open=&#8221;off&#8221;]<\/p>\n<p>Nous n&#8217;acceptons que les cartes de cr\u00e9dit :<br \/>Mastercard, Visa, Postfinance<\/p>\n<p>[\/et_pb_accordion_item][et_pb_accordion_item title=&#8221;Combien co\u00fbtent les frais d&#8217;exp\u00e9dition et de retour ?&#8221; _builder_version=&#8221;4.19.5&#8243; _module_preset=&#8221;default&#8221; global_colors_info=&#8221;{}&#8221; open=&#8221;off&#8221;]<\/p>\n<p>La livraison et le retour sont inclus dans le prix de la location.<br \/>La livraison se fait contre signature, il est donc n\u00e9cessaire d&#8217;\u00eatre pr\u00e9sent le jour de la livraison.<br \/>L&#8217;\u00e9tiquette de retour est incluse dans le paquet.<\/p>\n<p>[\/et_pb_accordion_item][et_pb_accordion_item title=&#8221;Comment effectuer le retour ?&#8221; _builder_version=&#8221;4.19.5&#8243; _module_preset=&#8221;default&#8221; global_colors_info=&#8221;{}&#8221; open=&#8221;off&#8221;]<\/p>\n<p>\u00c0 la fin de la p\u00e9riode de location, remettez le sac dans son emballage d&#8217;origine et r\u00e9utilisez la bo\u00eete. Fermez-la bien et collez-y l&#8217;\u00e9tiquette de retour. Apportez le colis \u00e0 la poste.<\/p>\n<p>[\/et_pb_accordion_item][et_pb_accordion_item title=&#8221;Puis-je prolonger la location ?&#8221; _builder_version=&#8221;4.19.5&#8243; _module_preset=&#8221;default&#8221; global_colors_info=&#8221;{}&#8221; open=&#8221;off&#8221;]<\/p>\n<p>Oui, il est possible de prolonger votre p\u00e9riode de location.<br \/>Vous pouvez en faire la demande aupr\u00e8s du service client\u00e8le (adresse \u00e9lectronique). Si le sac est disponible, nous pouvons le prolonger, mais s&#8217;il est lou\u00e9 par une autre personne, il ne sera pas possible de le prolonger.<br \/>Veuillez noter qu&#8217;il est important de faire la demande avant la fin de votre p\u00e9riode de location, afin d&#8217;\u00e9viter tout retour tardif de votre sac, si votre demande n&#8217;est pas accept\u00e9e.<br \/>De plus, vous devrez payer le montant de la prolongation et ce n&#8217;est que lorsque vous recevrez la confirmation que votre location sera prolong\u00e9e.<\/p>\n<p>[\/et_pb_accordion_item][\/et_pb_accordion][\/et_pb_column_inner][\/et_pb_row_inner][\/et_pb_column][et_pb_column type=&#8221;1_2&#8243; _builder_version=&#8221;4.16&#8243; custom_padding=&#8221;|||&#8221; global_colors_info=&#8221;{}&#8221; custom_padding__hover=&#8221;|||&#8221;][et_pb_text _builder_version=&#8221;4.19.5&#8243; _module_preset=&#8221;default&#8221; header_font=&#8221;Montserrat||||on||||&#8221; header_text_color=&#8221;#000000&#8243; global_colors_info=&#8221;{}&#8221;]<\/p>\n<h1 style=\"text-align: center;\">Compte<\/h1>\n<p>[\/et_pb_text][et_pb_accordion _builder_version=&#8221;4.20.4&#8243; _module_preset=&#8221;default&#8221; hover_enabled=&#8221;0&#8243; global_colors_info=&#8221;{}&#8221; sticky_enabled=&#8221;0&#8243;][et_pb_accordion_item title=&#8221;Comment puis-je cr\u00e9er un compte ?&#8221; open=&#8221;on&#8221; _builder_version=&#8221;4.19.5&#8243; _module_preset=&#8221;default&#8221; global_colors_info=&#8221;{}&#8221;]<\/p>\n<p>Lorsque vous appuyez sur l&#8217;ic\u00f4ne du compte, s\u00e9lectionnez &#8220;cr\u00e9er un compte&#8221;.<br \/>Suivez les \u00e9tapes indiqu\u00e9es et validez la cr\u00e9ation de votre compte. Vous recevrez un e-mail de confirmation.<\/p>\n<p>[\/et_pb_accordion_item][et_pb_accordion_item title=&#8221;Que faire si j&#8217;ai oubli\u00e9 mon mot de passe ?&#8221; _builder_version=&#8221;4.19.5&#8243; _module_preset=&#8221;default&#8221; global_colors_info=&#8221;{}&#8221; open=&#8221;off&#8221;]<\/p>\n<p>Si vous avez oubli\u00e9 votre mot de passe, rendez-vous sur la page d&#8217;accueil et s\u00e9lectionnez &#8220;oublier mon mot de passe&#8221;.<br \/>Vous recevrez alors un e-mail vous permettant de r\u00e9initialiser votre mot de passe.<\/p>\n<p>[\/et_pb_accordion_item][et_pb_accordion_item title=&#8221;Comment puis-je mettre \u00e0 jour mon adresse de livraison ?&#8221; _builder_version=&#8221;4.19.5&#8243; _module_preset=&#8221;default&#8221; global_colors_info=&#8221;{}&#8221; open=&#8221;off&#8221;]<\/p>\n<p>Dans votre compte, vous pouvez \u00e0 tout moment mettre \u00e0 jour votre adresse de livraison.<\/p>\n<p>[\/et_pb_accordion_item][et_pb_accordion_item title=&#8221;O\u00f9 est-ce que OCN-rent livre?&#8221; _builder_version=&#8221;4.19.5&#8243; _module_preset=&#8221;default&#8221; global_colors_info=&#8221;{}&#8221; open=&#8221;off&#8221;]<\/p>\n<p>OCN-rent ne livre qu&#8217;en Suisse.<\/p>\n<p>[\/et_pb_accordion_item][et_pb_accordion_item title=&#8221;Y a-t-il des conditions pour pouvoir louer un sac ?&#8221; _builder_version=&#8221;4.19.5&#8243; _module_preset=&#8221;default&#8221; global_colors_info=&#8221;{}&#8221; open=&#8221;off&#8221;]<\/p>\n<p>Il est n\u00e9cessaire d&#8217;\u00eatre r\u00e9sident suisse et d&#8217;avoir au moins 18 ans pour b\u00e9n\u00e9ficier de l&#8217;offre.<\/p>\n<p>[\/et_pb_accordion_item][et_pb_accordion_item title=&#8221;Comment puis-je consulter l&#8217;historique de mes locations ?&#8221; _builder_version=&#8221;4.20.4&#8243; _module_preset=&#8221;default&#8221; hover_enabled=&#8221;0&#8243; global_colors_info=&#8221;{}&#8221; open=&#8221;off&#8221; sticky_enabled=&#8221;0&#8243;]<\/p>\n<p>Dans votre compte, s\u00e9lectionnez <a href=\"https:\/\/oncloudnine.rent\/fr\/mes-reservations\/\">mes r\u00e9servations<\/a>. De cette fa\u00e7on, vous pouvez voir toutes vos locations pr\u00e9c\u00e9dentes.<\/p>\n<p>[\/et_pb_accordion_item][et_pb_accordion_item title=&#8221;Comment puis-je supprimer mon compte ?&#8221; _builder_version=&#8221;4.19.5&#8243; _module_preset=&#8221;default&#8221; global_colors_info=&#8221;{}&#8221; open=&#8221;off&#8221;]<\/p>\n<p>Cliquez sur &#8220;supprimer mon compte&#8221; et suivez les \u00e9tapes.<\/p>\n<p>[\/et_pb_accordion_item][et_pb_accordion_item title=&#8221;Comment puis-je contacter OCN-rent ?&#8221; _builder_version=&#8221;4.20.4&#8243; _module_preset=&#8221;default&#8221; global_colors_info=&#8221;{}&#8221; open=&#8221;off&#8221;]<\/p>\n<p>Vous pouvez contacter OCN-rent via le <a href=\"https:\/\/oncloudnine.rent\/fr\/contactez-nous\/\">formulaire de contact<\/a> ou envoyer un <a href=\"mailto:fiona@oncloudnine.ch\">e-mail<\/a> au service client\u00e8le.<\/p>\n<p>[\/et_pb_accordion_item][\/et_pb_accordion][\/et_pb_column][\/et_pb_section][et_pb_section fb_built=&#8221;1&#8243; specialty=&#8221;on&#8221; _builder_version=&#8221;4.19.5&#8243; _module_preset=&#8221;default&#8221; global_colors_info=&#8221;{}&#8221;][et_pb_column type=&#8221;1_2&#8243; specialty_columns=&#8221;2&#8243; _builder_version=&#8221;4.16&#8243; custom_padding=&#8221;|||&#8221; global_colors_info=&#8221;{}&#8221; custom_padding__hover=&#8221;|||&#8221;][et_pb_row_inner _builder_version=&#8221;4.19.5&#8243; _module_preset=&#8221;default&#8221; global_colors_info=&#8221;{}&#8221;][et_pb_column_inner saved_specialty_column_type=&#8221;1_2&#8243; _builder_version=&#8221;4.19.5&#8243; _module_preset=&#8221;default&#8221; global_colors_info=&#8221;{}&#8221;][et_pb_text _builder_version=&#8221;4.19.5&#8243; _module_preset=&#8221;default&#8221; header_font=&#8221;||||on||||&#8221; header_text_color=&#8221;#000000&#8243; global_colors_info=&#8221;{}&#8221;]<\/p>\n<h1 style=\"text-align: center;\">Location, livraison, retour<\/h1>\n<p>[\/et_pb_text][et_pb_accordion _builder_version=&#8221;4.20.4&#8243; _module_preset=&#8221;default&#8221; width=&#8221;100%&#8221; hover_enabled=&#8221;0&#8243; global_colors_info=&#8221;{}&#8221; sticky_enabled=&#8221;0&#8243;][et_pb_accordion_item title=&#8221;Y a-t-il une limite au nombre de produits que je peux louer ?&#8221; open=&#8221;off&#8221; _builder_version=&#8221;4.19.5&#8243; _module_preset=&#8221;default&#8221; global_colors_info=&#8221;{}&#8221;]<\/p>\n<p>Vous pouvez louer jusqu&#8217;\u00e0 3 sacs en m\u00eame temps.<\/p>\n<p>[\/et_pb_accordion_item][et_pb_accordion_item title=&#8221;Comment puis-je savoir si ma location est approuv\u00e9e ?&#8221; _builder_version=&#8221;4.19.5&#8243; _module_preset=&#8221;default&#8221; global_colors_info=&#8221;{}&#8221; open=&#8221;off&#8221;]<\/p>\n<p>Votre location est confirm\u00e9e lorsque vous recevez votre e-mail de confirmation.<\/p>\n<p>[\/et_pb_accordion_item][et_pb_accordion_item title=&#8221;Quand ma location sera-t-elle livr\u00e9e ?&#8221; _builder_version=&#8221;4.19.5&#8243; _module_preset=&#8221;default&#8221; global_colors_info=&#8221;{}&#8221; open=&#8221;off&#8221;]<\/p>\n<p>Votre location est livr\u00e9e \u00e0 la date de d\u00e9but de votre location. Pr\u00e9voyez d&#8217;\u00eatre \u00e0 la maison. Lorsque votre colis sera exp\u00e9di\u00e9, vous recevrez un lien vous permettant de le suivre.<\/p>\n<p>[\/et_pb_accordion_item][et_pb_accordion_item title=&#8221;Effectuez-vous des livraisons le lendemain ?&#8221; _builder_version=&#8221;4.19.5&#8243; _module_preset=&#8221;default&#8221; global_colors_info=&#8221;{}&#8221; open=&#8221;off&#8221;]<\/p>\n<p>Si le cr\u00e9neau est libre et que votre r\u00e9servation est re\u00e7ue avant 14 heures, vous recevrez votre colis le lendemain.<\/p>\n<p>[\/et_pb_accordion_item][et_pb_accordion_item title=&#8221;Puis-je suivre mon colis ?&#8221; _builder_version=&#8221;4.19.5&#8243; _module_preset=&#8221;default&#8221; global_colors_info=&#8221;{}&#8221; open=&#8221;off&#8221;]<\/p>\n<p>Oui, vous recevrez un lien de suivi pour votre colis.<\/p>\n<p>[\/et_pb_accordion_item][et_pb_accordion_item title=&#8221;Que se passe-t-il si je ne suis pas \u00e0 la maison ?&#8221; _builder_version=&#8221;4.19.5&#8243; _module_preset=&#8221;default&#8221; global_colors_info=&#8221;{}&#8221; open=&#8221;off&#8221;]<\/p>\n<p>Vous recevrez un num\u00e9ro de suivi lorsque votre location sera en route. Assurez-vous d&#8217;\u00eatre pr\u00e9sent pour recevoir le colis, sinon vous devrez peut-\u00eatre organiser une nouvelle livraison \u00e0 votre convenance. N&#8217;oubliez pas que la nouvelle livraison peut ne pas \u00eatre disponible avant le lendemain, ce qui peut vous faire perdre une journ\u00e9e de location.<\/p>\n<p>[\/et_pb_accordion_item][et_pb_accordion_item title=&#8221;Ma location n&#8217;est pas arriv\u00e9e. Que se passe-t-il maintenant ?&#8221; _builder_version=&#8221;4.19.5&#8243; _module_preset=&#8221;default&#8221; global_colors_info=&#8221;{}&#8221; open=&#8221;off&#8221;]<\/p>\n<p>Si votre colis n&#8217;est pas arriv\u00e9, veuillez contacter notre service client\u00e8le afin que nous puissions r\u00e9soudre la situation.<\/p>\n<p>[\/et_pb_accordion_item][et_pb_accordion_item title=&#8221;Que se passe-t-il si j&#8217;ai perdu mon \u00e9tiquette de retour ?&#8221; _builder_version=&#8221;4.20.4&#8243; _module_preset=&#8221;default&#8221; hover_enabled=&#8221;0&#8243; global_colors_info=&#8221;{}&#8221; open=&#8221;on&#8221; sticky_enabled=&#8221;0&#8243;]<\/p>\n<p>Veuillez contacter notre <a href=\"mailto:fiona@oncloudnine.ch\">service client\u00e8le<\/a> afin que nous puissions vous envoyer l&#8217;\u00e9tiquette de retour.<\/p>\n<p>[\/et_pb_accordion_item][et_pb_accordion_item title=&#8221;Faites-vous du Click&#038;Collect ?&#8221; _builder_version=&#8221;4.19.5&#8243; _module_preset=&#8221;default&#8221; global_colors_info=&#8221;{}&#8221; open=&#8221;off&#8221;]<\/p>\n<p>Non, nous ne proposons pas actuellement le service click&amp;collect.<\/p>\n<p>[\/et_pb_accordion_item][et_pb_accordion_item title=&#8221;Puis-je annuler ma location ?&#8221; _builder_version=&#8221;4.19.5&#8243; _module_preset=&#8221;default&#8221; global_colors_info=&#8221;{}&#8221; open=&#8221;off&#8221;]<\/p>\n<p>Vous avez un droit de retraction de 14 jours<\/p>\n<p>[\/et_pb_accordion_item][\/et_pb_accordion][\/et_pb_column_inner][\/et_pb_row_inner][\/et_pb_column][et_pb_column type=&#8221;1_2&#8243; _builder_version=&#8221;4.16&#8243; custom_padding=&#8221;|||&#8221; global_colors_info=&#8221;{}&#8221; custom_padding__hover=&#8221;|||&#8221;][et_pb_text _builder_version=&#8221;4.19.5&#8243; _module_preset=&#8221;default&#8221; header_font=&#8221;Montserrat||||on||||&#8221; header_text_color=&#8221;#000000&#8243; global_colors_info=&#8221;{}&#8221;]<\/p>\n<h1 style=\"text-align: center;\">Retours tardifs, dommages et pertes<\/h1>\n<p>[\/et_pb_text][et_pb_accordion _builder_version=&#8221;4.19.5&#8243; _module_preset=&#8221;default&#8221; global_colors_info=&#8221;{}&#8221;][et_pb_accordion_item title=&#8221;Que se passe-t-il si je rends le sac en retard ?&#8221; open=&#8221;on&#8221; _builder_version=&#8221;4.19.5&#8243; _module_preset=&#8221;default&#8221; global_colors_info=&#8221;{}&#8221;]<\/p>\n<p>En cas de restitution tardive, un montant de 30 CHF par jour vous sera factur\u00e9, car la personne qui a lou\u00e9 le sac apr\u00e8s vous peut le recevoir en retard. Si le sac n&#8217;est pas restitu\u00e9 dans les 30 jours, il sera consid\u00e9r\u00e9 comme non restitu\u00e9 et sera factur\u00e9, en plus des frais de retard, le taux d&#8217;int\u00e9r\u00eat int\u00e9gral, ainsi que tous les frais dus, le tout pouvant entra\u00eener des frais juridiques suppl\u00e9mentaires dont le membre pourrait \u00eatre tenu responsable.<\/p>\n<p>[\/et_pb_accordion_item][et_pb_accordion_item title=&#8221;Que se passe-t-il si j&#8217;endommage ou perds le sac ?&#8221; _builder_version=&#8221;4.19.5&#8243; _module_preset=&#8221;default&#8221; global_colors_info=&#8221;{}&#8221; open=&#8221;off&#8221;]<\/p>\n<p>Votre location comprend une couverture pour l&#8217;usure g\u00e9n\u00e9rale. Les dommages non r\u00e9cup\u00e9rables ou co\u00fbteux, ainsi que la non restitution du sac en cas de perte ou de vol, vous seront factur\u00e9s \u00e0 la valeur du sac au moment de la location.<\/p>\n<p>[\/et_pb_accordion_item][\/et_pb_accordion][\/et_pb_column][\/et_pb_section][et_pb_section fb_built=&#8221;1&#8243; fullwidth=&#8221;on&#8221; _builder_version=&#8221;4.20.4&#8243; _module_preset=&#8221;default&#8221; hover_enabled=&#8221;0&#8243; global_colors_info=&#8221;{}&#8221; title_text=&#8221;pexels-karen-rese\u0301ndiz-8924146&#8243; background_image=&#8221;https:\/\/oncloudnine.rent\/wp-content\/uploads\/2023\/04\/pexels-karen-resendiz-8924146-scaled.jpg&#8221; sticky_enabled=&#8221;0&#8243;][et_pb_fullwidth_slider _builder_version=&#8221;4.20.4&#8243; _module_preset=&#8221;default&#8221; background_color=&#8221;#000000&#8243; min_height=&#8221;384.5px&#8221; hover_enabled=&#8221;0&#8243; global_colors_info=&#8221;{}&#8221; sticky_enabled=&#8221;0&#8243; title_text=&#8221;laura-chouette-irG6YMkrrcQ-unsplash&#8221; background_image=&#8221;https:\/\/oncloudnine.rent\/wp-content\/uploads\/2023\/03\/laura-chouette-irG6YMkrrcQ-unsplash-scaled.jpg&#8221;][et_pb_slide heading=&#8221;Un service et des locations exceptionnels&#8221; button_text=&#8221;Louez votre prochain sac maintenant&#8221; _builder_version=&#8221;4.20.4&#8243; _module_preset=&#8221;default&#8221; custom_button=&#8221;on&#8221; button_text_size=&#8221;21px&#8221; button_border_width=&#8221;2px&#8221; button_border_radius=&#8221;85px&#8221; button_font=&#8221;Montserrat||||||||&#8221; button_use_icon=&#8221;on&#8221; button_icon=&#8221;&#x3d;||divi||400&#8243; button_on_hover=&#8221;on&#8221; hover_enabled=&#8221;0&#8243; global_colors_info=&#8221;{}&#8221; sticky_transition=&#8221;on&#8221; button_link=&#8221;https:\/\/oncloudnine.rent\/fr\/sacs\/&#8221; sticky_enabled=&#8221;0&#8243;][\/et_pb_slide][\/et_pb_fullwidth_slider][\/et_pb_section][et_pb_section fb_built=&#8221;1&#8243; _builder_version=&#8221;4.19.5&#8243; _module_preset=&#8221;default&#8221; global_colors_info=&#8221;{}&#8221;][et_pb_row _builder_version=&#8221;4.19.5&#8243; _module_preset=&#8221;default&#8221; global_colors_info=&#8221;{}&#8221;][et_pb_column type=&#8221;4_4&#8243; _builder_version=&#8221;4.19.5&#8243; _module_preset=&#8221;default&#8221; global_colors_info=&#8221;{}&#8221;][et_pb_accordion _builder_version=&#8221;4.20.4&#8243; _module_preset=&#8221;default&#8221; background_color=&#8221;RGBA(255,255,255,0)&#8221; hover_enabled=&#8221;0&#8243; global_colors_info=&#8221;{}&#8221; sticky_enabled=&#8221;0&#8243;][et_pb_accordion_item title=&#8221;Comment puis-je mettre un sac en location?&#8221; open=&#8221;off&#8221; _builder_version=&#8221;4.20.4&#8243; _module_preset=&#8221;default&#8221; hover_enabled=&#8221;0&#8243; global_colors_info=&#8221;{}&#8221; sticky_enabled=&#8221;0&#8243;]<\/p>\n<p>Allez dans l&#8217;onglet <a href=\"https:\/\/oncloudnine.rent\/fr\/depot-de-sacs\/\">d\u00e9p\u00f4t de sacs<\/a>\u00a0et suivez les instructions, afin de pouvoir louer votre sac.<\/p>\n<p>[\/et_pb_accordion_item][et_pb_accordion_item title=&#8221;Quand saurai-je si mes sacs sont accept\u00e9s ?&#8221; _builder_version=&#8221;4.20.4&#8243; _module_preset=&#8221;default&#8221; hover_enabled=&#8221;0&#8243; global_colors_info=&#8221;{}&#8221; open=&#8221;on&#8221; sticky_enabled=&#8221;0&#8243;]<\/p>\n<p>ouvrables. Pendant ce temps, nous v\u00e9rifions la qualit\u00e9 et l&#8217;authenticit\u00e9, afin de garantir \u00e0 nos clients la location de sacs originaux et en bon \u00e9tat. Si, pour une raison quelconque, votre sac n&#8217;est pas accept\u00e9, vous en serez inform\u00e9 et nous vous le renverrons.<\/p>\n<p>[\/et_pb_accordion_item][et_pb_accordion_item title=&#8221;Comment est calcul\u00e9 le prix de location de mon sac ?&#8221; _builder_version=&#8221;4.19.5&#8243; _module_preset=&#8221;default&#8221; global_colors_info=&#8221;{}&#8221; open=&#8221;off&#8221;]<\/p>\n<p>Le prix de location de votre sac est calcul\u00e9 en fonction de sa valeur. Nous avons \u00e9tabli une grille de prix de location en fonction de la valeur du sac.<\/p>\n<p>[\/et_pb_accordion_item][et_pb_accordion_item title=&#8221;Quand est-ce que je re\u00e7ois ma commission ?&#8221; _builder_version=&#8221;4.19.5&#8243; _module_preset=&#8221;default&#8221; global_colors_info=&#8221;{}&#8221; open=&#8221;off&#8221;]<\/p>\n<p>Vous recevrez votre commission chaque fin de mois. Cela signifie que toutes les commissions du mois vous seront vers\u00e9es en m\u00eame temps et que vous recevrez un d\u00e9compte du nombre de commandes.<\/p>\n<p>[\/et_pb_accordion_item][et_pb_accordion_item title=&#8221;Quelle est la commission que je re\u00e7ois par location ?&#8221; _builder_version=&#8221;4.19.5&#8243; _module_preset=&#8221;default&#8221; global_colors_info=&#8221;{}&#8221; open=&#8221;off&#8221;]<\/p>\n<p>Votre commission est de 30% par location.<\/p>\n<p>[\/et_pb_accordion_item][et_pb_accordion_item title=&#8221;Pourquoi mes sacs sont-ils centralis\u00e9s \u00e0 l&#8217;OCN ?&#8221; _builder_version=&#8221;4.19.5&#8243; _module_preset=&#8221;default&#8221; global_colors_info=&#8221;{}&#8221; open=&#8221;off&#8221;]<\/p>\n<p>Cela vous facilite la vie. Une fois qu&#8217;ils sont chez nous, vous n&#8217;avez plus \u00e0 vous en soucier. Vos sacs sont entretenus et lou\u00e9s pendant qu&#8217;ils sont chez OCN-rent et lorsque vous voulez les r\u00e9cup\u00e9rer, nous vous les envoyons.<\/p>\n<p>[\/et_pb_accordion_item][et_pb_accordion_item title=&#8221;Comment r\u00e9cup\u00e9rer mon ou mes sacs ?&#8221; _builder_version=&#8221;4.19.5&#8243; _module_preset=&#8221;default&#8221; global_colors_info=&#8221;{}&#8221; open=&#8221;off&#8221;]<\/p>\n<p>Afin d&#8217;\u00e9viter les frustrations des locataires, votre ou vos sacs sont mis en location pendant des p\u00e9riodes de 6 mois, renouvelable tacitement. Deux mois avant la fin de la p\u00e9riode de location, nous vous contacterons pour savoir si vous souhaitez r\u00e9cup\u00e9rer votre sac ou si nous ouvrirons les cr\u00e9neaux pour les mois suivants. Pendant que le sac est chez nous, vous pouvez bien s\u00fbr l&#8217;obtenir pour un certain nombre de jours si vous en avez besoin, mais vous devez nous en informer d\u00e8s le d\u00e9part, sinon le sac peut \u00eatre lou\u00e9 pour cette p\u00e9riode.<\/p>\n<p>[\/et_pb_accordion_item][et_pb_accordion_item title=&#8221;Que se passe-t-il si mes bagages sont endommag\u00e9s ?&#8221; _builder_version=&#8221;4.19.5&#8243; _module_preset=&#8221;default&#8221; global_colors_info=&#8221;{}&#8221; open=&#8221;off&#8221;]<\/p>\n<p>Si votre sac a subi des dommages importants ou a \u00e9t\u00e9 vol\u00e9, vous serez rembours\u00e9 pour la valeur d\u00e9termin\u00e9e au moment de son arriv\u00e9e chez nous. L&#8217;usure normale du sac est \u00e0 pr\u00e9voir, puisqu&#8217;il est port\u00e9 et utilis\u00e9.<\/p>\n<p>[\/et_pb_accordion_item][et_pb_accordion_item title=&#8221;Que se passe-t-il si je constate que mon article est endommag\u00e9 lors du retour final ?&#8221; _builder_version=&#8221;4.19.5&#8243; _module_preset=&#8221;default&#8221; global_colors_info=&#8221;{}&#8221; open=&#8221;off&#8221;]<\/p>\n<p>Nous v\u00e9rifierons l&#8217;\u00e9tat de votre sac lors de son retour d\u00e9finitif. Vous recevrez le document avec les photos du sac au moment de l&#8217;envoi. Le sac ayant \u00e9t\u00e9 utilis\u00e9 et port\u00e9, une usure normale est \u00e0 pr\u00e9voir. Si, toutefois, nous constatons que le sac est endommag\u00e9 et que cela n&#8217;est pas d\u00fb \u00e0 une utilisation normale, vous serez rembours\u00e9 de la valeur du sac.<br \/>Si vous constatez une diff\u00e9rence entre l&#8217;\u00e9tat du ch\u00e8que et celui de votre sac, vous avez 48 heures pour nous contacter et nous en informer.<\/p>\n<p>[\/et_pb_accordion_item][et_pb_accordion_item title=&#8221;Comment puis-je vous envoyer mes sacs ?&#8221; _builder_version=&#8221;4.19.5&#8243; _module_preset=&#8221;default&#8221; global_colors_info=&#8221;{}&#8221; open=&#8221;off&#8221;]<\/p>\n<p>Vous pouvez nous les envoyer par la poste contre signature, afin de vous assurer que vos sacs arrivent en toute s\u00e9curit\u00e9 et que vous disposez d&#8217;une preuve d&#8217;envoi. Nous vous enverrons une \u00e9tiquette d&#8217;exp\u00e9dition pr\u00e9pay\u00e9e.<\/p>\n<p>[\/et_pb_accordion_item][\/et_pb_accordion][\/et_pb_column][\/et_pb_row][\/et_pb_section]<\/p>\n","protected":false},"excerpt":{"rendered":"<p>Questions fr\u00e9quentes G\u00e9n\u00e9ral Comment fonctionne&#8230;<\/p>\n","protected":false},"author":1,"featured_media":0,"parent":0,"menu_order":0,"comment_status":"closed","ping_status":"closed","template":"","meta":{"_et_pb_use_builder":"on","_et_pb_old_content":"","_et_gb_content_width":"","inline_featured_image":false,"footnotes":""},"class_list":["post-29895","page","type-page","status-publish","hentry"],"_links":{"self":[{"href":"https:\/\/oncloudnine.rent\/fr\/wp-json\/wp\/v2\/pages\/29895","targetHints":{"allow":["GET"]}}],"collection":[{"href":"https:\/\/oncloudnine.rent\/fr\/wp-json\/wp\/v2\/pages"}],"about":[{"href":"https:\/\/oncloudnine.rent\/fr\/wp-json\/wp\/v2\/types\/page"}],"author":[{"embeddable":true,"href":"https:\/\/oncloudnine.rent\/fr\/wp-json\/wp\/v2\/users\/1"}],"replies":[{"embeddable":true,"href":"https:\/\/oncloudnine.rent\/fr\/wp-json\/wp\/v2\/comments?post=29895"}],"version-history":[{"count":15,"href":"https:\/\/oncloudnine.rent\/fr\/wp-json\/wp\/v2\/pages\/29895\/revisions"}],"predecessor-version":[{"id":30096,"href":"https:\/\/oncloudnine.rent\/fr\/wp-json\/wp\/v2\/pages\/29895\/revisions\/30096"}],"wp:attachment":[{"href":"https:\/\/oncloudnine.rent\/fr\/wp-json\/wp\/v2\/media?parent=29895"}],"curies":[{"name":"wp","href":"https:\/\/api.w.org\/{rel}","templated":true}]}}