{"id":29898,"date":"2023-03-22T11:04:54","date_gmt":"2023-03-22T10:04:54","guid":{"rendered":"https:\/\/oncloudnine.rent\/a-propos-de-nous\/"},"modified":"2023-04-27T14:35:33","modified_gmt":"2023-04-27T12:35:33","slug":"a-propos-de-nous","status":"publish","type":"page","link":"https:\/\/oncloudnine.rent\/fr\/a-propos-de-nous\/","title":{"rendered":"A propos de nous"},"content":{"rendered":"<p>[et_pb_section fb_built=&#8221;1&#8243; specialty=&#8221;on&#8221; admin_label=&#8221;About Us&#8221; _builder_version=&#8221;4.16&#8243; global_colors_info=&#8221;{}&#8221;][et_pb_column type=&#8221;1_2&#8243; specialty_columns=&#8221;2&#8243; _builder_version=&#8221;4.16&#8243; custom_padding=&#8221;|||&#8221; global_colors_info=&#8221;{}&#8221; custom_padding__hover=&#8221;|||&#8221;][et_pb_row_inner _builder_version=&#8221;4.19.5&#8243; global_colors_info=&#8221;{}&#8221;][et_pb_column_inner saved_specialty_column_type=&#8221;1_2&#8243; _builder_version=&#8221;4.16&#8243; custom_padding=&#8221;|||&#8221; global_colors_info=&#8221;{}&#8221; custom_padding__hover=&#8221;|||&#8221;][et_pb_text _builder_version=&#8221;4.19.5&#8243; _module_preset=&#8221;default&#8221; header_font_size=&#8221;48px&#8221; global_colors_info=&#8221;{}&#8221;]<\/p>\n<h1 style=\"text-align: center;\">A propos de nous<\/h1>\n<p>[\/et_pb_text][et_pb_text _builder_version=&#8221;4.20.4&#8243; text_font=&#8221;Montserrat|600|||||||&#8221; text_text_color=&#8221;rgba(0,0,0,0.6)&#8221; text_font_size=&#8221;41px&#8221; text_line_height=&#8221;1.9em&#8221; header_font=&#8221;||||||||&#8221; header_2_font=&#8221;||||||||&#8221; module_alignment=&#8221;center&#8221; custom_margin=&#8221;|||&#8221; hover_enabled=&#8221;0&#8243; global_colors_info=&#8221;{}&#8221; sticky_enabled=&#8221;0&#8243;]<\/p>\n<p>Nous sommes des passionn\u00e9s de mode et nous aimons avoir l&#8217;accessoire qui convient \u00e0 notre tenue ou \u00e0 notre \u00e9v\u00e9nement. Cependant, les tendances de la mode et les accessoires \u00e9voluent constamment. Il peut sembler inadapt\u00e9 d&#8217;investir dans un sac de luxe lorsque de nouvelles tendances arrivent rapidement. Pourquoi ne pas changer notre fa\u00e7on de consommer tout en \u00e9tant plus durable ?<\/p>\n<p>Sur notre plateforme, nous proposons une nouvelle mani\u00e8re de consommer des sacs de luxe qui est \u00e0 la fois financi\u00e8rement et \u00e9cologiquement durable. Au lieu de les acheter, vous pouvez d\u00e9sormais les louer pour la dur\u00e9e que vous souhaitez. En les louant, vous aurez acc\u00e8s aux derniers it-bags sans avoir \u00e0 d\u00e9penser une fortune pour les acheter. De plus, c&#8217;est une fa\u00e7on plus durable de consommer des accessoires de mode.<\/p>\n<p>[\/et_pb_text][\/et_pb_column_inner][\/et_pb_row_inner][et_pb_row_inner _builder_version=&#8221;4.16&#8243; global_colors_info=&#8221;{}&#8221;][et_pb_column_inner saved_specialty_column_type=&#8221;1_2&#8243; _builder_version=&#8221;4.16&#8243; custom_padding=&#8221;|||&#8221; global_colors_info=&#8221;{}&#8221; custom_padding__hover=&#8221;|||&#8221;][et_pb_text _builder_version=&#8221;4.20.4&#8243; text_font=&#8221;Poppins||||||||&#8221; text_text_color=&#8221;rgba(0,0,0,0.4)&#8221; text_line_height=&#8221;1.9em&#8221; header_font=&#8221;||||||||&#8221; header_2_font=&#8221;||||||||&#8221; module_alignment=&#8221;center&#8221; custom_margin=&#8221;||30px|&#8221; hover_enabled=&#8221;0&#8243; global_colors_info=&#8221;{}&#8221; sticky_enabled=&#8221;0&#8243;]<\/p>\n<p>Notre mission est de r\u00e9volutionner la fa\u00e7on dont nous consommons les accessoires de luxe en offrant une alternative durable et accessible. Nous pensons que tout le monde devrait avoir la possibilit\u00e9 de profiter des derni\u00e8res tendances de la mode sans nuire \u00e0 l&#8217;environnement ni se ruiner. Gr\u00e2ce \u00e0 notre plateforme, nous souhaitons rendre les accessoires de luxe plus accessibles \u00e0 tous, tout en promouvant la consommation durable.<\/p>\n<p>Rejoignez notre communaut\u00e9 pour rester \u00e0 la pointe de la mode, que ce soit en louant nos sacs ou en mettant votre sac en location et en b\u00e9n\u00e9ficiant d&#8217;un revenu passif. Nous visons \u00e0 rendre notre mode de consommation durable et adaptable.<\/p>\n<p>[\/et_pb_text][\/et_pb_column_inner][\/et_pb_row_inner][\/et_pb_column][et_pb_column type=&#8221;1_2&#8243; _builder_version=&#8221;4.16&#8243; custom_padding=&#8221;|||&#8221; global_colors_info=&#8221;{}&#8221; custom_padding__hover=&#8221;|||&#8221;][et_pb_image src=&#8221;https:\/\/oncloudnine.rent\/wp-content\/uploads\/2023\/03\/laura-chouette-W-7k72ThEr0-unsplash-1-576&#215;1024.jpg&#8221; title_text=&#8221;laura-chouette-W-7k72ThEr0-unsplash (1)&#8221; align=&#8221;center&#8221; _builder_version=&#8221;4.19.5&#8243; _module_preset=&#8221;default&#8221; width=&#8221;100%&#8221; height=&#8221;597px&#8221; global_colors_info=&#8221;{}&#8221;][\/et_pb_image][\/et_pb_column][\/et_pb_section][et_pb_section fb_built=&#8221;1&#8243; _builder_version=&#8221;4.19.5&#8243; _module_preset=&#8221;default&#8221; global_colors_info=&#8221;{}&#8221;][et_pb_row _builder_version=&#8221;4.19.5&#8243; _module_preset=&#8221;default&#8221; global_colors_info=&#8221;{}&#8221;][et_pb_column type=&#8221;4_4&#8243; _builder_version=&#8221;4.19.5&#8243; _module_preset=&#8221;default&#8221; global_colors_info=&#8221;{}&#8221;][et_pb_contact_form email=&#8221;fiona@oncloudnine.ch&#8221; title=&#8221;Prenez contact avec nous&#8221; success_message=&#8221;Vous avez envoy\u00e9 votre message avec succ\u00e8s. Nous reviendrons vers vous dans les plus brefs d\u00e9lais.&#8221; submit_button_text=&#8221;Envoyer&#8221; _builder_version=&#8221;4.19.5&#8243; _module_preset=&#8221;default&#8221; _unique_id=&#8221;cd437afd-d698-4f3f-b817-161893891127&#8243; form_field_background_color=&#8221;RGBA(255,255,255,0)&#8221; form_field_custom_padding=&#8221;|||0px|false|false&#8221; title_font=&#8221;Montserrat||||||||&#8221; title_text_align=&#8221;center&#8221; title_text_color=&#8221;#000000&#8243; background_color=&#8221;RGBA(255,255,255,0)&#8221; custom_button=&#8221;on&#8221; button_text_color=&#8221;#8F8F8F&#8221; button_border_width=&#8221;1px&#8221; button_border_radius=&#8221;100px&#8221; button_font=&#8221;Montserrat||||||||&#8221; button_icon=&#8221;&#x3d;||divi||400&#8243; button_icon_color=&#8221;#8F8F8F&#8221; border_radii=&#8221;on|9px|9px|9px|9px&#8221; border_width_all=&#8221;1px&#8221; border_color_all=&#8221;#B3B3B3&#8243; border_style_all=&#8221;ridge&#8221; global_colors_info=&#8221;{}&#8221;][et_pb_contact_field field_id=&#8221;Name&#8221; field_title=&#8221;Nom&#8221; _builder_version=&#8221;4.16&#8243; global_colors_info=&#8221;{}&#8221; button_text_size__hover_enabled=&#8221;off&#8221; button_one_text_size__hover_enabled=&#8221;off&#8221; button_two_text_size__hover_enabled=&#8221;off&#8221; button_text_color__hover_enabled=&#8221;off&#8221; button_one_text_color__hover_enabled=&#8221;off&#8221; button_two_text_color__hover_enabled=&#8221;off&#8221; button_border_width__hover_enabled=&#8221;off&#8221; button_one_border_width__hover_enabled=&#8221;off&#8221; button_two_border_width__hover_enabled=&#8221;off&#8221; button_border_color__hover_enabled=&#8221;off&#8221; button_one_border_color__hover_enabled=&#8221;off&#8221; button_two_border_color__hover_enabled=&#8221;off&#8221; button_border_radius__hover_enabled=&#8221;off&#8221; button_one_border_radius__hover_enabled=&#8221;off&#8221; button_two_border_radius__hover_enabled=&#8221;off&#8221; button_letter_spacing__hover_enabled=&#8221;off&#8221; button_one_letter_spacing__hover_enabled=&#8221;off&#8221; button_two_letter_spacing__hover_enabled=&#8221;off&#8221; button_bg_color__hover_enabled=&#8221;off&#8221; button_one_bg_color__hover_enabled=&#8221;off&#8221; button_two_bg_color__hover_enabled=&#8221;off&#8221;][\/et_pb_contact_field][et_pb_contact_field field_id=&#8221;Email&#8221; field_title=&#8221;Adresse e-mail&#8221; field_type=&#8221;email&#8221; _builder_version=&#8221;4.16&#8243; global_colors_info=&#8221;{}&#8221; button_text_size__hover_enabled=&#8221;off&#8221; button_one_text_size__hover_enabled=&#8221;off&#8221; button_two_text_size__hover_enabled=&#8221;off&#8221; button_text_color__hover_enabled=&#8221;off&#8221; button_one_text_color__hover_enabled=&#8221;off&#8221; button_two_text_color__hover_enabled=&#8221;off&#8221; button_border_width__hover_enabled=&#8221;off&#8221; button_one_border_width__hover_enabled=&#8221;off&#8221; button_two_border_width__hover_enabled=&#8221;off&#8221; button_border_color__hover_enabled=&#8221;off&#8221; button_one_border_color__hover_enabled=&#8221;off&#8221; button_two_border_color__hover_enabled=&#8221;off&#8221; button_border_radius__hover_enabled=&#8221;off&#8221; button_one_border_radius__hover_enabled=&#8221;off&#8221; button_two_border_radius__hover_enabled=&#8221;off&#8221; button_letter_spacing__hover_enabled=&#8221;off&#8221; button_one_letter_spacing__hover_enabled=&#8221;off&#8221; button_two_letter_spacing__hover_enabled=&#8221;off&#8221; button_bg_color__hover_enabled=&#8221;off&#8221; button_one_bg_color__hover_enabled=&#8221;off&#8221; button_two_bg_color__hover_enabled=&#8221;off&#8221;][\/et_pb_contact_field][et_pb_contact_field field_id=&#8221;Phone_Number&#8221; field_title=&#8221;Num\u00e9ro de t\u00e9l\u00e9phone&#8221; fullwidth_field=&#8221;on&#8221; _builder_version=&#8221;4.19.5&#8243; _module_preset=&#8221;default&#8221; global_colors_info=&#8221;{}&#8221;][\/et_pb_contact_field][et_pb_contact_field field_id=&#8221;Message&#8221; field_title=&#8221;Message&#8221; field_type=&#8221;text&#8221; fullwidth_field=&#8221;on&#8221; _builder_version=&#8221;4.16&#8243; global_colors_info=&#8221;{}&#8221; button_text_size__hover_enabled=&#8221;off&#8221; button_one_text_size__hover_enabled=&#8221;off&#8221; button_two_text_size__hover_enabled=&#8221;off&#8221; button_text_color__hover_enabled=&#8221;off&#8221; button_one_text_color__hover_enabled=&#8221;off&#8221; button_two_text_color__hover_enabled=&#8221;off&#8221; button_border_width__hover_enabled=&#8221;off&#8221; button_one_border_width__hover_enabled=&#8221;off&#8221; button_two_border_width__hover_enabled=&#8221;off&#8221; button_border_color__hover_enabled=&#8221;off&#8221; button_one_border_color__hover_enabled=&#8221;off&#8221; button_two_border_color__hover_enabled=&#8221;off&#8221; button_border_radius__hover_enabled=&#8221;off&#8221; button_one_border_radius__hover_enabled=&#8221;off&#8221; button_two_border_radius__hover_enabled=&#8221;off&#8221; button_letter_spacing__hover_enabled=&#8221;off&#8221; button_one_letter_spacing__hover_enabled=&#8221;off&#8221; button_two_letter_spacing__hover_enabled=&#8221;off&#8221; button_bg_color__hover_enabled=&#8221;off&#8221; button_one_bg_color__hover_enabled=&#8221;off&#8221; button_two_bg_color__hover_enabled=&#8221;off&#8221;][\/et_pb_contact_field][\/et_pb_contact_form][\/et_pb_column][\/et_pb_row][\/et_pb_section]<\/p>\n","protected":false},"excerpt":{"rendered":"<p>A propos de nous Nous sommes des passionn\u00e9s de mode&#8230;<\/p>\n","protected":false},"author":1,"featured_media":0,"parent":0,"menu_order":0,"comment_status":"closed","ping_status":"closed","template":"","meta":{"_et_pb_use_builder":"on","_et_pb_old_content":"","_et_gb_content_width":"","inline_featured_image":false,"footnotes":""},"class_list":["post-29898","page","type-page","status-publish","hentry"],"_links":{"self":[{"href":"https:\/\/oncloudnine.rent\/fr\/wp-json\/wp\/v2\/pages\/29898","targetHints":{"allow":["GET"]}}],"collection":[{"href":"https:\/\/oncloudnine.rent\/fr\/wp-json\/wp\/v2\/pages"}],"about":[{"href":"https:\/\/oncloudnine.rent\/fr\/wp-json\/wp\/v2\/types\/page"}],"author":[{"embeddable":true,"href":"https:\/\/oncloudnine.rent\/fr\/wp-json\/wp\/v2\/users\/1"}],"replies":[{"embeddable":true,"href":"https:\/\/oncloudnine.rent\/fr\/wp-json\/wp\/v2\/comments?post=29898"}],"version-history":[{"count":5,"href":"https:\/\/oncloudnine.rent\/fr\/wp-json\/wp\/v2\/pages\/29898\/revisions"}],"predecessor-version":[{"id":30089,"href":"https:\/\/oncloudnine.rent\/fr\/wp-json\/wp\/v2\/pages\/29898\/revisions\/30089"}],"wp:attachment":[{"href":"https:\/\/oncloudnine.rent\/fr\/wp-json\/wp\/v2\/media?parent=29898"}],"curies":[{"name":"wp","href":"https:\/\/api.w.org\/{rel}","templated":true}]}}