{"id":29901,"date":"2023-03-27T14:36:18","date_gmt":"2023-03-27T12:36:18","guid":{"rendered":"https:\/\/oncloudnine.rent\/retours\/"},"modified":"2023-04-27T15:21:02","modified_gmt":"2023-04-27T13:21:02","slug":"retours","status":"publish","type":"page","link":"https:\/\/oncloudnine.rent\/fr\/retours\/","title":{"rendered":"Retours"},"content":{"rendered":"<p>[et_pb_section fb_built=&#8221;1&#8243; _builder_version=&#8221;4.19.5&#8243; _module_preset=&#8221;default&#8221; background_color=&#8221;#000000&#8243; global_colors_info=&#8221;{}&#8221;][et_pb_row _builder_version=&#8221;4.19.5&#8243; _module_preset=&#8221;default&#8221; global_colors_info=&#8221;{}&#8221;][et_pb_column type=&#8221;4_4&#8243; _builder_version=&#8221;4.19.5&#8243; _module_preset=&#8221;default&#8221; global_colors_info=&#8221;{}&#8221;][et_pb_text _builder_version=&#8221;4.20.4&#8243; _module_preset=&#8221;default&#8221; text_text_color=&#8221;#FFFFFF&#8221; hover_enabled=&#8221;0&#8243; global_colors_info=&#8221;{}&#8221; header_font_size=&#8221;40px&#8221; sticky_enabled=&#8221;0&#8243;]<\/p>\n<h1 style=\"text-align: center;\">Retournez le sac<\/h1>\n<p>[\/et_pb_text][\/et_pb_column][\/et_pb_row][\/et_pb_section][et_pb_section fb_built=&#8221;1&#8243; theme_builder_area=&#8221;post_content&#8221; _builder_version=&#8221;4.20.4&#8243; _module_preset=&#8221;default&#8221;][et_pb_row _builder_version=&#8221;4.20.4&#8243; _module_preset=&#8221;default&#8221; theme_builder_area=&#8221;post_content&#8221;][et_pb_column _builder_version=&#8221;4.20.4&#8243; _module_preset=&#8221;default&#8221; type=&#8221;4_4&#8243; theme_builder_area=&#8221;post_content&#8221;][et_pb_text _builder_version=&#8221;4.20.4&#8243; _module_preset=&#8221;default&#8221; theme_builder_area=&#8221;post_content&#8221; hover_enabled=&#8221;0&#8243; sticky_enabled=&#8221;0&#8243;]<\/p>\n<h1 style=\"text-align: center;\"><span style=\"text-decoration: underline;\">1. Pr\u00e9parez votre retour<\/span><\/h1>\n<p style=\"text-align: center;\">Chaque sac doit \u00eatre remis dans son sac \u00e0 poussi\u00e8re ou sa bo\u00eete pour le retour. Tout ce qui a \u00e9t\u00e9 livr\u00e9 doit \u00eatre renvoy\u00e9. Vous pouvez r\u00e9utiliser le carton dans lequel votre location a \u00e9t\u00e9 livr\u00e9e.<\/p>\n<p>[\/et_pb_text][\/et_pb_column][\/et_pb_row][et_pb_row _builder_version=&#8221;4.20.4&#8243; _module_preset=&#8221;default&#8221; column_structure=&#8221;1_2,1_2&#8243; theme_builder_area=&#8221;post_content&#8221; custom_padding=&#8221;|6px||||&#8221;][et_pb_column _builder_version=&#8221;4.20.4&#8243; _module_preset=&#8221;default&#8221; type=&#8221;1_2&#8243; theme_builder_area=&#8221;post_content&#8221;][et_pb_text _builder_version=&#8221;4.20.4&#8243; _module_preset=&#8221;default&#8221; theme_builder_area=&#8221;post_content&#8221; hover_enabled=&#8221;0&#8243; sticky_enabled=&#8221;0&#8243;]<\/p>\n<h1 style=\"text-align: center;\"><span style=\"text-decoration: underline;\">2. Envoyer<\/span><\/h1>\n<p style=\"text-align: center;\">\n<p style=\"text-align: center;\">Vous avez re\u00e7u une \u00e9tiquette de retour dans votre livraison, que vous pouvez utiliser pour renvoyer votre sac. Rendez-vous dans un bureau de poste et d\u00e9posez votre retour.<\/p>\n<p>[\/et_pb_text][\/et_pb_column][et_pb_column _builder_version=&#8221;4.20.4&#8243; _module_preset=&#8221;default&#8221; type=&#8221;1_2&#8243; theme_builder_area=&#8221;post_content&#8221;][et_pb_text _builder_version=&#8221;4.20.4&#8243; _module_preset=&#8221;default&#8221; theme_builder_area=&#8221;post_content&#8221; hover_enabled=&#8221;0&#8243; sticky_enabled=&#8221;0&#8243; custom_padding=&#8221;||0px|||&#8221;]<\/p>\n<h1 style=\"text-align: center;\"><span style=\"text-decoration: underline;\">3. Confirmation<\/span><\/h1>\n<p style=\"text-align: center;\">\n<p style=\"text-align: center;\">Une fois que nous avons re\u00e7u votre retour et que tout est en ordre, nous vous envoyons un e-mail de confirmation.<\/p>\n<p>[\/et_pb_text][\/et_pb_column][\/et_pb_row][\/et_pb_section][et_pb_section fb_built=&#8221;1&#8243; fullwidth=&#8221;on&#8221; _builder_version=&#8221;4.20.4&#8243; _module_preset=&#8221;default&#8221; hover_enabled=&#8221;0&#8243; global_colors_info=&#8221;{}&#8221; background_color=&#8221;RGBA(255,255,255,0)&#8221; sticky_enabled=&#8221;0&#8243;][et_pb_fullwidth_image src=&#8221;https:\/\/oncloudnine.rent\/wp-content\/uploads\/2023\/03\/kristina-petrick-poL3YQTBPI-unsplash-1024&#215;683.jpg&#8221; _builder_version=&#8221;4.20.4&#8243; _module_preset=&#8221;default&#8221; hover_enabled=&#8221;0&#8243; global_colors_info=&#8221;{}&#8221; title_text=&#8221;kristina-petrick&#8211;poL3YQTBPI-unsplash&#8221; height=&#8221;450px&#8221; width=&#8221;86%&#8221; max_width=&#8221;73%&#8221; module_alignment=&#8221;center&#8221; sticky_enabled=&#8221;0&#8243;][\/et_pb_fullwidth_image][\/et_pb_section][et_pb_section fb_built=&#8221;1&#8243; theme_builder_area=&#8221;post_content&#8221; _builder_version=&#8221;4.20.4&#8243; _module_preset=&#8221;default&#8221;][et_pb_row _builder_version=&#8221;4.20.4&#8243; _module_preset=&#8221;default&#8221; theme_builder_area=&#8221;post_content&#8221;][et_pb_column _builder_version=&#8221;4.20.4&#8243; _module_preset=&#8221;default&#8221; type=&#8221;4_4&#8243; theme_builder_area=&#8221;post_content&#8221;][\/et_pb_column][\/et_pb_row][\/et_pb_section][et_pb_section fb_built=&#8221;1&#8243; _builder_version=&#8221;4.19.5&#8243; _module_preset=&#8221;default&#8221; global_colors_info=&#8221;{}&#8221;][et_pb_row _builder_version=&#8221;4.19.5&#8243; _module_preset=&#8221;default&#8221; global_colors_info=&#8221;{}&#8221;][et_pb_column type=&#8221;4_4&#8243; _builder_version=&#8221;4.19.5&#8243; _module_preset=&#8221;default&#8221; global_colors_info=&#8221;{}&#8221;][et_pb_accordion _builder_version=&#8221;4.19.5&#8243; _module_preset=&#8221;default&#8221; background_color=&#8221;#FFFFFF&#8221; global_colors_info=&#8221;{}&#8221;][et_pb_accordion_item title=&#8221;Que se passe-t-il si je rends le sac en retard ?&#8221; open=&#8221;on&#8221; _builder_version=&#8221;4.19.5&#8243; _module_preset=&#8221;default&#8221; global_colors_info=&#8221;{}&#8221;]<\/p>\n<p>En cas de restitution tardive, un montant de 30 CHF par jour vous sera factur\u00e9, car la personne qui a lou\u00e9 le sac apr\u00e8s vous peut le recevoir en retard. Si le sac n&#8217;est pas restitu\u00e9 dans les 30 jours, il sera consid\u00e9r\u00e9 comme non restitu\u00e9 et sera factur\u00e9, en plus des frais de retard, le taux d&#8217;int\u00e9r\u00eat int\u00e9gral, ainsi que tous les frais dus, le tout pouvant entra\u00eener des frais juridiques suppl\u00e9mentaires dont le membre pourrait \u00eatre tenu responsable.<\/p>\n<p>[\/et_pb_accordion_item][et_pb_accordion_item title=&#8221;Que se passe-t-il si j&#8217;endommage ou perds le sac ?&#8221; _builder_version=&#8221;4.19.5&#8243; _module_preset=&#8221;default&#8221; global_colors_info=&#8221;{}&#8221; open=&#8221;off&#8221;]<\/p>\n<p>Votre location comprend une couverture pour l&#8217;usure g\u00e9n\u00e9rale. Les dommages non r\u00e9cup\u00e9rables ou co\u00fbteux, ainsi que la non restitution du sac en cas de perte ou de vol, vous seront factur\u00e9s \u00e0 la valeur du sac au moment de la location.<\/p>\n<p>[\/et_pb_accordion_item][\/et_pb_accordion][\/et_pb_column][\/et_pb_row][et_pb_row _builder_version=&#8221;4.19.5&#8243; _module_preset=&#8221;default&#8221; global_colors_info=&#8221;{}&#8221;][et_pb_column type=&#8221;4_4&#8243; _builder_version=&#8221;4.19.5&#8243; _module_preset=&#8221;default&#8221; global_colors_info=&#8221;{}&#8221;][et_pb_button button_url=&#8221;https:\/\/oncloudnine.rent\/fr\/faq\/&#8221; button_text=&#8221;Pour plus de questions fr\u00e9quentes&#8221; button_alignment=&#8221;center&#8221; _builder_version=&#8221;4.20.4&#8243; _module_preset=&#8221;default&#8221; custom_button=&#8221;on&#8221; button_text_color=&#8221;#8F8F8F&#8221; button_border_radius=&#8221;100px&#8221; button_icon=&#8221;&#x35;||divi||400&#8243; hover_enabled=&#8221;0&#8243; global_colors_info=&#8221;{}&#8221; sticky_enabled=&#8221;0&#8243;][\/et_pb_button][\/et_pb_column][\/et_pb_row][\/et_pb_section]<\/p>\n","protected":false},"excerpt":{"rendered":"<p>Retournez le sac 1. Pr\u00e9parez votre retour Chaque sac&#8230;<\/p>\n","protected":false},"author":1,"featured_media":0,"parent":0,"menu_order":0,"comment_status":"closed","ping_status":"closed","template":"","meta":{"_et_pb_use_builder":"on","_et_pb_old_content":"","_et_gb_content_width":"","inline_featured_image":false,"footnotes":""},"class_list":["post-29901","page","type-page","status-publish","hentry"],"_links":{"self":[{"href":"https:\/\/oncloudnine.rent\/fr\/wp-json\/wp\/v2\/pages\/29901","targetHints":{"allow":["GET"]}}],"collection":[{"href":"https:\/\/oncloudnine.rent\/fr\/wp-json\/wp\/v2\/pages"}],"about":[{"href":"https:\/\/oncloudnine.rent\/fr\/wp-json\/wp\/v2\/types\/page"}],"author":[{"embeddable":true,"href":"https:\/\/oncloudnine.rent\/fr\/wp-json\/wp\/v2\/users\/1"}],"replies":[{"embeddable":true,"href":"https:\/\/oncloudnine.rent\/fr\/wp-json\/wp\/v2\/comments?post=29901"}],"version-history":[{"count":6,"href":"https:\/\/oncloudnine.rent\/fr\/wp-json\/wp\/v2\/pages\/29901\/revisions"}],"predecessor-version":[{"id":30100,"href":"https:\/\/oncloudnine.rent\/fr\/wp-json\/wp\/v2\/pages\/29901\/revisions\/30100"}],"wp:attachment":[{"href":"https:\/\/oncloudnine.rent\/fr\/wp-json\/wp\/v2\/media?parent=29901"}],"curies":[{"name":"wp","href":"https:\/\/api.w.org\/{rel}","templated":true}]}}